{"id":2384,"date":"2026-03-30T16:33:16","date_gmt":"2026-03-30T21:33:16","guid":{"rendered":"https:\/\/ciberdata.com.pe\/?post_type=product&#038;p=2384"},"modified":"2026-03-30T16:40:48","modified_gmt":"2026-03-30T21:40:48","slug":"hikvision-kit-wifi-ip-4mp-fija-con-nvr-8ch-con-audio-bidireccional-inalambrico-nk844wbh","status":"publish","type":"product","link":"https:\/\/ciberdata.com.pe\/index.php\/producto\/hikvision-kit-wifi-ip-4mp-fija-con-nvr-8ch-con-audio-bidireccional-inalambrico-nk844wbh\/","title":{"rendered":"HIKVISION KIT WIFI IP 4MP FIJA CON NVR 8CH\/CON AUDIO BIDIRECCIONAL\/INAL\u00c1MBRICO NK844WBH"},"content":{"rendered":"<h1><span style=\"color: #ff0000;\"><strong>CARACTERISTICAS \u2713<\/strong><\/span><\/h1>\n<ul>\n<li>Resoluci\u00f3n 4MP (2K+)\u00a0 Im\u00e1genes claras y detalladas para identificaci\u00f3n precisa.<\/li>\n<li>Conexi\u00f3n Wi-Fi 2.4 GHz con antenas de alta ganancia: Se\u00f1al estable y amplia cobertura.<\/li>\n<li>Visi\u00f3n nocturna a color hasta 30 metros: Claridad incluso en completa oscuridad.<\/li>\n<li>C\u00e1maras tipo bala para exteriores Dise\u00f1o robusto y compacto.<\/li>\n<li>Protecci\u00f3n IP66 Resistencia al polvo y al agua, ideal para exteriores.<\/li>\n<li>Audio integrado Micr\u00f3fono para grabaci\u00f3n de sonido junto con el video.<\/li>\n<li>NVR de 8 canales Permite conectar y gestionar hasta 8 c\u00e1maras.<\/li>\n<li>Salida HDMI 4K UHD Visualizaci\u00f3n en pantallas grandes con m\u00e1xima calidad.<\/li>\n<li>Detecci\u00f3n inteligente de movimiento Clasificaci\u00f3n de personas y veh\u00edculos para alertas m\u00e1s precisas.<span style=\"color: #ff0000;\"><b><br \/>\n<a href=\"https:\/\/ciberdata.com.pe\/wp-content\/uploads\/2026\/02\/AWAW.svg\"><img loading=\"lazy\" decoding=\"async\" class=\"wp-image-2205 alignright\" role=\"img\" src=\"https:\/\/ciberdata.com.pe\/wp-content\/uploads\/2026\/02\/AWAW.svg\" alt=\"\" width=\"237\" height=\"30\" \/><\/a><\/b><\/span><\/li>\n<\/ul>\n","protected":false},"excerpt":{"rendered":"<p>CARACTERISTICAS \u2713 Resoluci\u00f3n 4MP (2K+)\u00a0 Im\u00e1genes claras y detalladas para identificaci\u00f3n precisa. Conexi\u00f3n Wi-Fi 2.4 GHz con antenas de alta<\/p>\n","protected":false},"featured_media":2385,"comment_status":"open","ping_status":"closed","template":"","meta":[],"product_brand":[136],"product_cat":[167,169],"product_tag":[],"class_list":{"0":"post-2384","1":"product","2":"type-product","3":"status-publish","4":"has-post-thumbnail","6":"product_brand-hikvision","7":"product_cat-camaras-innalambricas","8":"product_cat-camaras-exterior","10":"first","11":"instock","12":"sale","13":"taxable","14":"shipping-taxable","15":"purchasable","16":"product-type-simple"},"_links":{"self":[{"href":"https:\/\/ciberdata.com.pe\/index.php\/wp-json\/wp\/v2\/product\/2384","targetHints":{"allow":["GET"]}}],"collection":[{"href":"https:\/\/ciberdata.com.pe\/index.php\/wp-json\/wp\/v2\/product"}],"about":[{"href":"https:\/\/ciberdata.com.pe\/index.php\/wp-json\/wp\/v2\/types\/product"}],"replies":[{"embeddable":true,"href":"https:\/\/ciberdata.com.pe\/index.php\/wp-json\/wp\/v2\/comments?post=2384"}],"wp:featuredmedia":[{"embeddable":true,"href":"https:\/\/ciberdata.com.pe\/index.php\/wp-json\/wp\/v2\/media\/2385"}],"wp:attachment":[{"href":"https:\/\/ciberdata.com.pe\/index.php\/wp-json\/wp\/v2\/media?parent=2384"}],"wp:term":[{"taxonomy":"product_brand","embeddable":true,"href":"https:\/\/ciberdata.com.pe\/index.php\/wp-json\/wp\/v2\/product_brand?post=2384"},{"taxonomy":"product_cat","embeddable":true,"href":"https:\/\/ciberdata.com.pe\/index.php\/wp-json\/wp\/v2\/product_cat?post=2384"},{"taxonomy":"product_tag","embeddable":true,"href":"https:\/\/ciberdata.com.pe\/index.php\/wp-json\/wp\/v2\/product_tag?post=2384"}],"curies":[{"name":"wp","href":"https:\/\/api.w.org\/{rel}","templated":true}]}}