{"id":2359,"date":"2026-03-06T09:42:11","date_gmt":"2026-03-06T14:42:11","guid":{"rendered":"https:\/\/ciberdata.com.pe\/?post_type=product&#038;p=2359"},"modified":"2026-03-06T10:28:50","modified_gmt":"2026-03-06T15:28:50","slug":"kithikvision-kit-wifi-ip-4mp5mp-pt-uhd-con-nvs-4ch-con-audio-bidireccional-inalambrico","status":"publish","type":"product","link":"https:\/\/ciberdata.com.pe\/index.php\/producto\/kithikvision-kit-wifi-ip-4mp5mp-pt-uhd-con-nvs-4ch-con-audio-bidireccional-inalambrico\/","title":{"rendered":"HIKVISION KIT WIFI IP 4MP&#038;5MP PT UHD CON NVS 4CH\/CON AUDIO BIDIRECCIONAL\/INAL\u00c1MBRICO"},"content":{"rendered":"<h1><span style=\"color: #ff0000;\"><strong>CARACTERISTICAS \u2713<\/strong><\/span><\/h1>\n<ul>\n<li>Resoluci\u00f3n: c\u00e1mara bala de 4 MP y c\u00e1mara turret de 5 MP, ambas con lente de 2.8 mm.<\/li>\n<li>NVS de 4 canales: permite gestionar hasta 4 c\u00e1maras inal\u00e1mbricas en un solo sistema.<\/li>\n<li>Conectividad WiFi: el NVS crea un hotspot WiFi para a\u00f1adir c\u00e1maras con un solo clic.<\/li>\n<li>Audio bidireccional: micr\u00f3fono y altavoz integrados en las c\u00e1maras para comunicaci\u00f3n en tiempo real.<\/li>\n<li>Visi\u00f3n nocturna dual: infrarrojos y luz blanca para im\u00e1genes claras en la oscuridad.<\/li>\n<li>Almacenamiento: dos ranuras para tarjetas microSD de hasta 512 GB cada una.<\/li>\n<li>Protecci\u00f3n: c\u00e1maras con certificaci\u00f3n IP66, resistentes a polvo y lluvia para uso exterior.<\/li>\n<li>Gesti\u00f3n remota: compatible con la app Hik-Connect, que permite visualizaci\u00f3n en vivo, reproducci\u00f3n, alertas y configuraci\u00f3n desde el m\u00f3vil.<\/li>\n<li>Compresi\u00f3n H.265+: optimiza ancho de banda y espacio de almacenamiento.<span style=\"color: #ff0000;\"><b><br \/>\n<a href=\"https:\/\/ciberdata.com.pe\/wp-content\/uploads\/2026\/02\/AWAW.svg\"><img loading=\"lazy\" decoding=\"async\" class=\"wp-image-2205 alignright\" role=\"img\" src=\"https:\/\/ciberdata.com.pe\/wp-content\/uploads\/2026\/02\/AWAW.svg\" alt=\"\" width=\"237\" height=\"30\" \/><\/a><\/b><\/span><\/li>\n<\/ul>\n","protected":false},"excerpt":{"rendered":"<p>CARACTERISTICAS \u2713 Resoluci\u00f3n: c\u00e1mara bala de 4 MP y c\u00e1mara turret de 5 MP, ambas con lente de 2.8 mm.<\/p>\n","protected":false},"featured_media":2360,"comment_status":"open","ping_status":"closed","template":"","meta":[],"product_brand":[136],"product_cat":[167,168],"product_tag":[],"class_list":{"0":"post-2359","1":"product","2":"type-product","3":"status-publish","4":"has-post-thumbnail","6":"product_brand-hikvision","7":"product_cat-camaras-innalambricas","8":"product_cat-camaras-interior","10":"first","11":"instock","12":"sale","13":"taxable","14":"shipping-taxable","15":"purchasable","16":"product-type-simple"},"_links":{"self":[{"href":"https:\/\/ciberdata.com.pe\/index.php\/wp-json\/wp\/v2\/product\/2359","targetHints":{"allow":["GET"]}}],"collection":[{"href":"https:\/\/ciberdata.com.pe\/index.php\/wp-json\/wp\/v2\/product"}],"about":[{"href":"https:\/\/ciberdata.com.pe\/index.php\/wp-json\/wp\/v2\/types\/product"}],"replies":[{"embeddable":true,"href":"https:\/\/ciberdata.com.pe\/index.php\/wp-json\/wp\/v2\/comments?post=2359"}],"wp:featuredmedia":[{"embeddable":true,"href":"https:\/\/ciberdata.com.pe\/index.php\/wp-json\/wp\/v2\/media\/2360"}],"wp:attachment":[{"href":"https:\/\/ciberdata.com.pe\/index.php\/wp-json\/wp\/v2\/media?parent=2359"}],"wp:term":[{"taxonomy":"product_brand","embeddable":true,"href":"https:\/\/ciberdata.com.pe\/index.php\/wp-json\/wp\/v2\/product_brand?post=2359"},{"taxonomy":"product_cat","embeddable":true,"href":"https:\/\/ciberdata.com.pe\/index.php\/wp-json\/wp\/v2\/product_cat?post=2359"},{"taxonomy":"product_tag","embeddable":true,"href":"https:\/\/ciberdata.com.pe\/index.php\/wp-json\/wp\/v2\/product_tag?post=2359"}],"curies":[{"name":"wp","href":"https:\/\/api.w.org\/{rel}","templated":true}]}}