{"id":2356,"date":"2026-03-05T16:34:27","date_gmt":"2026-03-05T21:34:27","guid":{"rendered":"https:\/\/ciberdata.com.pe\/?post_type=product&#038;p=2356"},"modified":"2026-03-05T16:42:10","modified_gmt":"2026-03-05T21:42:10","slug":"hikvision-wifi-ip-3k-pt-uhd-con-audio-bidirrecional-wifi-6-ir-10m","status":"publish","type":"product","link":"https:\/\/ciberdata.com.pe\/index.php\/producto\/hikvision-wifi-ip-3k-pt-uhd-con-audio-bidirrecional-wifi-6-ir-10m\/","title":{"rendered":"HIKVISION WIFI IP 3K PT UHD CON AUDIO BIDIRRECIONAL\/WIFI 6 \/IR 10M"},"content":{"rendered":"<h1><span style=\"color: #ff0000;\"><strong>CARACTERISTICAS \u2713<\/strong><\/span><\/h1>\n<ul>\n<li>Resoluci\u00f3n: 3K (2960 \u00d7 1664), superior al Full HD, con gran nivel de detalle.<\/li>\n<li>Conectividad: Wi-Fi 6, que garantiza transmisi\u00f3n m\u00e1s r\u00e1pida y estable.<\/li>\n<li>Audio bidireccional: micr\u00f3fono y altavoz integrados para comunicaci\u00f3n en tiempo real.<\/li>\n<li>Visi\u00f3n nocturna h\u00edbrida: hasta 10 m con infrarrojos EXIR y 10 m con luz blanca, con modo inteligente que alterna seg\u00fan la iluminaci\u00f3n.<\/li>\n<li>Detecci\u00f3n inteligente: reconoce personas y veh\u00edculos, reduciendo falsas alarmas.<\/li>\n<li>Lente fijo: disponible en 2.8 mm (\u00e1ngulo de apertura 112.6\u00b0) y 4 mm.<\/li>\n<li>Almacenamiento local: admite tarjeta microSD de hasta 512 GB.<\/li>\n<li>Protecci\u00f3n: certificaci\u00f3n IP54, resistente al polvo y salpicaduras, adecuada para interiores protegidos.<\/li>\n<li>Compresi\u00f3n de video: H.265 para optimizar almacenamiento y transmisi\u00f3n.<span style=\"color: #ff0000;\"><b><br \/>\n<a href=\"https:\/\/ciberdata.com.pe\/wp-content\/uploads\/2026\/02\/AWAW.svg\"><img loading=\"lazy\" decoding=\"async\" class=\"wp-image-2205 alignright\" role=\"img\" src=\"https:\/\/ciberdata.com.pe\/wp-content\/uploads\/2026\/02\/AWAW.svg\" alt=\"\" width=\"237\" height=\"30\" \/><\/a><\/b><\/span><\/li>\n<\/ul>\n","protected":false},"excerpt":{"rendered":"<p>CARACTERISTICAS \u2713 Resoluci\u00f3n: 3K (2960 \u00d7 1664), superior al Full HD, con gran nivel de detalle. Conectividad: Wi-Fi 6, que<\/p>\n","protected":false},"featured_media":2357,"comment_status":"open","ping_status":"closed","template":"","meta":[],"product_brand":[136],"product_cat":[167,168],"product_tag":[],"class_list":{"0":"post-2356","1":"product","2":"type-product","3":"status-publish","4":"has-post-thumbnail","6":"product_brand-hikvision","7":"product_cat-camaras-innalambricas","8":"product_cat-camaras-interior","10":"first","11":"instock","12":"sale","13":"taxable","14":"shipping-taxable","15":"purchasable","16":"product-type-simple"},"_links":{"self":[{"href":"https:\/\/ciberdata.com.pe\/index.php\/wp-json\/wp\/v2\/product\/2356","targetHints":{"allow":["GET"]}}],"collection":[{"href":"https:\/\/ciberdata.com.pe\/index.php\/wp-json\/wp\/v2\/product"}],"about":[{"href":"https:\/\/ciberdata.com.pe\/index.php\/wp-json\/wp\/v2\/types\/product"}],"replies":[{"embeddable":true,"href":"https:\/\/ciberdata.com.pe\/index.php\/wp-json\/wp\/v2\/comments?post=2356"}],"wp:featuredmedia":[{"embeddable":true,"href":"https:\/\/ciberdata.com.pe\/index.php\/wp-json\/wp\/v2\/media\/2357"}],"wp:attachment":[{"href":"https:\/\/ciberdata.com.pe\/index.php\/wp-json\/wp\/v2\/media?parent=2356"}],"wp:term":[{"taxonomy":"product_brand","embeddable":true,"href":"https:\/\/ciberdata.com.pe\/index.php\/wp-json\/wp\/v2\/product_brand?post=2356"},{"taxonomy":"product_cat","embeddable":true,"href":"https:\/\/ciberdata.com.pe\/index.php\/wp-json\/wp\/v2\/product_cat?post=2356"},{"taxonomy":"product_tag","embeddable":true,"href":"https:\/\/ciberdata.com.pe\/index.php\/wp-json\/wp\/v2\/product_tag?post=2356"}],"curies":[{"name":"wp","href":"https:\/\/api.w.org\/{rel}","templated":true}]}}