{"id":2294,"date":"2026-02-19T14:45:15","date_gmt":"2026-02-19T19:45:15","guid":{"rendered":"https:\/\/ciberdata.com.pe\/?post_type=product&#038;p=2294"},"modified":"2026-02-19T15:17:53","modified_gmt":"2026-02-19T20:17:53","slug":"dvr-4ch-1080p-acusense-lite-1-hdd-con-audio","status":"publish","type":"product","link":"https:\/\/ciberdata.com.pe\/index.php\/producto\/dvr-4ch-1080p-acusense-lite-1-hdd-con-audio\/","title":{"rendered":"DVR 4CH 1080P ACUSENSE LITE 1 HDD CON AUDIO DS7204HGHI-M1\/S"},"content":{"rendered":"<h1><span style=\"color: #ff0000;\"><strong>CARACTERISTICAS \u2713<\/strong><\/span><\/h1>\n<ul>\n<li>DVR <strong>Turbo HD de 4 canales<\/strong> con resoluci\u00f3n de grabaci\u00f3n <strong>1080p Lite<\/strong>.<\/li>\n<li>Compatible con m\u00faltiples formatos de video: <strong>HDTVI, AHD, CVI, CVBS e IP<\/strong>.<\/li>\n<li>Soporta hasta <strong>5 c\u00e1maras IP adicionales<\/strong> (m\u00e1x. 2MP).<\/li>\n<li>Tecnolog\u00eda de compresi\u00f3n <strong>H.265 Pro+\/H.265 Pro\/H.265<\/strong>, optimizando almacenamiento.<\/li>\n<li><strong>Detecci\u00f3n de movimiento 2.0<\/strong> con clasificaci\u00f3n de personas y veh\u00edculos mediante IA.<\/li>\n<li>Entrada de <strong>audio por cable coaxial<\/strong> para grabaci\u00f3n sincronizada.<\/li>\n<li>Alcance de transmisi\u00f3n de se\u00f1al HDTVI de hasta <strong>1200 metros en 720p<\/strong>.<\/li>\n<li>Salidas de video <strong>HDMI y VGA<\/strong> para visualizaci\u00f3n en monitores.<\/li>\n<li>Dise\u00f1o compacto <strong>1U met\u00e1lico<\/strong>, ideal para instalaciones seguras y discretas.<span style=\"color: #ff0000;\"><b><br \/>\n<a href=\"https:\/\/ciberdata.com.pe\/wp-content\/uploads\/2026\/02\/AWAW.svg\"><img loading=\"lazy\" decoding=\"async\" class=\"wp-image-2205 alignright\" role=\"img\" src=\"https:\/\/ciberdata.com.pe\/wp-content\/uploads\/2026\/02\/AWAW.svg\" alt=\"\" width=\"237\" height=\"30\" \/><\/a><\/b><\/span><\/li>\n<\/ul>\n","protected":false},"excerpt":{"rendered":"<p>CARACTERISTICAS \u2713 DVR Turbo HD de 4 canales con resoluci\u00f3n de grabaci\u00f3n 1080p Lite. Compatible con m\u00faltiples formatos de video:<\/p>\n","protected":false},"featured_media":2295,"comment_status":"open","ping_status":"closed","template":"","meta":[],"product_brand":[136],"product_cat":[187,184,147],"product_tag":[],"class_list":{"0":"post-2294","1":"product","2":"type-product","3":"status-publish","4":"has-post-thumbnail","6":"product_brand-hikvision","7":"product_cat-dvr-acusense","8":"product_cat-grabador-de-videovigilancia","9":"product_cat-grabadores-de-videovigilancia-y-almacenamiento","11":"first","12":"instock","13":"sale","14":"taxable","15":"shipping-taxable","16":"purchasable","17":"product-type-simple"},"_links":{"self":[{"href":"https:\/\/ciberdata.com.pe\/index.php\/wp-json\/wp\/v2\/product\/2294","targetHints":{"allow":["GET"]}}],"collection":[{"href":"https:\/\/ciberdata.com.pe\/index.php\/wp-json\/wp\/v2\/product"}],"about":[{"href":"https:\/\/ciberdata.com.pe\/index.php\/wp-json\/wp\/v2\/types\/product"}],"replies":[{"embeddable":true,"href":"https:\/\/ciberdata.com.pe\/index.php\/wp-json\/wp\/v2\/comments?post=2294"}],"wp:featuredmedia":[{"embeddable":true,"href":"https:\/\/ciberdata.com.pe\/index.php\/wp-json\/wp\/v2\/media\/2295"}],"wp:attachment":[{"href":"https:\/\/ciberdata.com.pe\/index.php\/wp-json\/wp\/v2\/media?parent=2294"}],"wp:term":[{"taxonomy":"product_brand","embeddable":true,"href":"https:\/\/ciberdata.com.pe\/index.php\/wp-json\/wp\/v2\/product_brand?post=2294"},{"taxonomy":"product_cat","embeddable":true,"href":"https:\/\/ciberdata.com.pe\/index.php\/wp-json\/wp\/v2\/product_cat?post=2294"},{"taxonomy":"product_tag","embeddable":true,"href":"https:\/\/ciberdata.com.pe\/index.php\/wp-json\/wp\/v2\/product_tag?post=2294"}],"curies":[{"name":"wp","href":"https:\/\/api.w.org\/{rel}","templated":true}]}}