{"id":2248,"date":"2026-02-16T17:11:16","date_gmt":"2026-02-16T22:11:16","guid":{"rendered":"https:\/\/ciberdata.com.pe\/?post_type=product&#038;p=2248"},"modified":"2026-02-16T18:15:04","modified_gmt":"2026-02-16T23:15:04","slug":"hikvision-domo-ip-4mp-smart-hybrid-light-con-audio-ir-30m","status":"publish","type":"product","link":"https:\/\/ciberdata.com.pe\/index.php\/producto\/hikvision-domo-ip-4mp-smart-hybrid-light-con-audio-ir-30m\/","title":{"rendered":"HIKVISION DOMO IP 4MP ,SMART HYBRID LIGHT CON AUDIO IR 30M"},"content":{"rendered":"<h1><span style=\"color: #ff0000;\"><strong>CARACTERISTICAS \u2713<\/strong><\/span><\/h1>\n<hr \/>\n<ul>\n<li><strong data-start=\"168\" data-end=\"236\">C\u00e1mara IP domo Hikvision DS-2CD1143G2-LIU(F) con resoluci\u00f3n alta de 4 MP (2560 \u00d7 1440) para video detallado.<\/strong><\/li>\n<li>Sensor <strong data-start=\"327\" data-end=\"362\">1\/3\u2033 CMOS de escaneo progresivo<\/strong> que ofrece im\u00e1genes n\u00edtidas incluso con poca luz.<\/li>\n<li>Tecnolog\u00eda <strong data-start=\"466\" data-end=\"488\">Smart Hybrid Light<\/strong> con luz IR y luz blanca suplementaria para visi\u00f3n nocturna de hasta <strong data-start=\"557\" data-end=\"565\">30 m<\/strong>.<\/li>\n<li><strong data-start=\"609\" data-end=\"646\">Detecci\u00f3n de personas y veh\u00edculos<\/strong> integrada para alertas m\u00e1s precisas y vigilancia inteligente.<\/li>\n<li><strong data-start=\"751\" data-end=\"774\">Micr\u00f3fono integrado<\/strong> permite <strong data-start=\"783\" data-end=\"807\">audio en tiempo real<\/strong> junto con el video.<\/li>\n<li>Soporta <strong data-start=\"878\" data-end=\"908\">compresi\u00f3n de video H.265+<\/strong> para reducir ancho de banda y almacenamiento.<\/li>\n<li><strong data-start=\"997\" data-end=\"1044\">Ranura para tarjeta microSD de hasta 512 GB<\/strong> para almacenamiento local opcional.<\/li>\n<li>Dise\u00f1o robusto con <strong data-start=\"1142\" data-end=\"1214\">protecci\u00f3n IP67 contra agua y polvo y resistencia al vandalismo IK08<\/strong> para uso exterior<\/li>\n<li>Compatible con <strong data-start=\"1420\" data-end=\"1481\">PoE (802.3af) para alimentaci\u00f3n y datos por un solo cable<\/strong>, simplificando la instalaci\u00f3n.<span style=\"color: #ff0000;\"><b><br \/>\n<a href=\"https:\/\/ciberdata.com.pe\/wp-content\/uploads\/2026\/02\/AWAW.svg\"><img loading=\"lazy\" decoding=\"async\" class=\"wp-image-2205 alignright\" role=\"img\" src=\"https:\/\/ciberdata.com.pe\/wp-content\/uploads\/2026\/02\/AWAW.svg\" alt=\"\" width=\"237\" height=\"30\" \/><\/a><\/b><\/span><\/li>\n<\/ul>\n","protected":false},"excerpt":{"rendered":"<p>CARACTERISTICAS \u2713 C\u00e1mara IP domo Hikvision DS-2CD1143G2-LIU(F) con resoluci\u00f3n alta de 4 MP (2560 \u00d7 1440) para video detallado. Sensor<\/p>\n","protected":false},"featured_media":2249,"comment_status":"open","ping_status":"closed","template":"","meta":[],"product_brand":[136],"product_cat":[130,149,157],"product_tag":[],"class_list":{"0":"post-2248","1":"product","2":"type-product","3":"status-publish","4":"has-post-thumbnail","6":"product_brand-hikvision","7":"product_cat-camaras-de-seguridad","8":"product_cat-camaras-ip","9":"product_cat-interior-ip","11":"first","12":"instock","13":"sale","14":"taxable","15":"shipping-taxable","16":"purchasable","17":"product-type-simple"},"_links":{"self":[{"href":"https:\/\/ciberdata.com.pe\/index.php\/wp-json\/wp\/v2\/product\/2248","targetHints":{"allow":["GET"]}}],"collection":[{"href":"https:\/\/ciberdata.com.pe\/index.php\/wp-json\/wp\/v2\/product"}],"about":[{"href":"https:\/\/ciberdata.com.pe\/index.php\/wp-json\/wp\/v2\/types\/product"}],"replies":[{"embeddable":true,"href":"https:\/\/ciberdata.com.pe\/index.php\/wp-json\/wp\/v2\/comments?post=2248"}],"wp:featuredmedia":[{"embeddable":true,"href":"https:\/\/ciberdata.com.pe\/index.php\/wp-json\/wp\/v2\/media\/2249"}],"wp:attachment":[{"href":"https:\/\/ciberdata.com.pe\/index.php\/wp-json\/wp\/v2\/media?parent=2248"}],"wp:term":[{"taxonomy":"product_brand","embeddable":true,"href":"https:\/\/ciberdata.com.pe\/index.php\/wp-json\/wp\/v2\/product_brand?post=2248"},{"taxonomy":"product_cat","embeddable":true,"href":"https:\/\/ciberdata.com.pe\/index.php\/wp-json\/wp\/v2\/product_cat?post=2248"},{"taxonomy":"product_tag","embeddable":true,"href":"https:\/\/ciberdata.com.pe\/index.php\/wp-json\/wp\/v2\/product_tag?post=2248"}],"curies":[{"name":"wp","href":"https:\/\/api.w.org\/{rel}","templated":true}]}}