{"id":2236,"date":"2026-02-16T11:28:15","date_gmt":"2026-02-16T16:28:15","guid":{"rendered":"https:\/\/ciberdata.com.pe\/?post_type=product&#038;p=2236"},"modified":"2026-02-16T12:10:28","modified_gmt":"2026-02-16T17:10:28","slug":"hikvision-tubo-wifi-4mp-exterior-con-audio-bidireccional-ir-30m","status":"publish","type":"product","link":"https:\/\/ciberdata.com.pe\/index.php\/producto\/hikvision-tubo-wifi-4mp-exterior-con-audio-bidireccional-ir-30m\/","title":{"rendered":"HIKVISION TUBO WIFI 4MP EXTERIOR CON AUDIO BIDIRECCIONAL IR 30M"},"content":{"rendered":"<h1><span style=\"color: #ff0000;\"><strong>CARACTERISTICAS \u2713<\/strong><\/span><\/h1>\n<hr \/>\n<ul>\n<li><strong data-start=\"164\" data-end=\"195\">C\u00e1mara Wi\u2011Fi TUBO IP 4\u202fMP<\/strong> con resoluci\u00f3n hasta <strong data-start=\"217\" data-end=\"232\">2560\u202f\u00d7\u202f1440<\/strong> para video claro y detallado.<\/li>\n<li>Conectividad <strong data-start=\"318\" data-end=\"347\">inal\u00e1mbrica Wi\u2011Fi 2.4\u202fGHz<\/strong> que facilita la instalaci\u00f3n sin cableado de red.<\/li>\n<li><strong data-start=\"439\" data-end=\"472\">Audio bidireccional integrado<\/strong> con micr\u00f3fono y altavoz para comunicaci\u00f3n en tiempo real.<\/li>\n<li>Tecnolog\u00eda <strong data-start=\"584\" data-end=\"630\">EXIR 2.0 con visi\u00f3n nocturna de hasta 30\u202fm<\/strong> para vigilancia eficaz en la oscuridad.<\/li>\n<li>Compatible con <strong data-start=\"728\" data-end=\"784\">almacenamiento local en tarjeta microSD hasta 512\u202fGB<\/strong> para grabaci\u00f3n continua.<\/li>\n<li>Carcasa resistente <strong data-start=\"871\" data-end=\"899\">IP66 contra agua y polvo<\/strong>, ideal para exteriores exigentes.<\/li>\n<li>Soporta <strong data-start=\"984\" data-end=\"1021\">compresi\u00f3n de video H.265+\/H.264+<\/strong> para ahorrar ancho de banda y espacio.<\/li>\n<li>Compatible con <strong data-start=\"1373\" data-end=\"1407\">aplicaci\u00f3n Hik\u2011Connect y ONVIF<\/strong> para visualizaci\u00f3n remota y f\u00e1cil integraci\u00f3n.<\/li>\n<li>Lentes fijas de <strong data-start=\"1245\" data-end=\"1273\">2.8\u202fmm o 4\u202fmm opcionales<\/strong> con amplio \u00e1ngulo de visi\u00f3n seg\u00fan modelo.<span style=\"color: #ff0000;\"><b><br \/>\n<a href=\"https:\/\/ciberdata.com.pe\/wp-content\/uploads\/2026\/02\/AWAW.svg\"><img loading=\"lazy\" decoding=\"async\" class=\"wp-image-2205 alignright\" role=\"img\" src=\"https:\/\/ciberdata.com.pe\/wp-content\/uploads\/2026\/02\/AWAW.svg\" alt=\"\" width=\"237\" height=\"30\" \/><\/a><\/b><\/span><\/li>\n<\/ul>\n","protected":false},"excerpt":{"rendered":"<p>CARACTERISTICAS \u2713 C\u00e1mara Wi\u2011Fi TUBO IP 4\u202fMP con resoluci\u00f3n hasta 2560\u202f\u00d7\u202f1440 para video claro y detallado. Conectividad inal\u00e1mbrica Wi\u2011Fi 2.4\u202fGHz<\/p>\n","protected":false},"featured_media":2237,"comment_status":"open","ping_status":"closed","template":"","meta":[],"product_brand":[136],"product_cat":[167,169],"product_tag":[],"class_list":{"0":"post-2236","1":"product","2":"type-product","3":"status-publish","4":"has-post-thumbnail","6":"product_brand-hikvision","7":"product_cat-camaras-innalambricas","8":"product_cat-camaras-exterior","10":"first","11":"instock","12":"sale","13":"taxable","14":"shipping-taxable","15":"purchasable","16":"product-type-simple"},"_links":{"self":[{"href":"https:\/\/ciberdata.com.pe\/index.php\/wp-json\/wp\/v2\/product\/2236","targetHints":{"allow":["GET"]}}],"collection":[{"href":"https:\/\/ciberdata.com.pe\/index.php\/wp-json\/wp\/v2\/product"}],"about":[{"href":"https:\/\/ciberdata.com.pe\/index.php\/wp-json\/wp\/v2\/types\/product"}],"replies":[{"embeddable":true,"href":"https:\/\/ciberdata.com.pe\/index.php\/wp-json\/wp\/v2\/comments?post=2236"}],"wp:featuredmedia":[{"embeddable":true,"href":"https:\/\/ciberdata.com.pe\/index.php\/wp-json\/wp\/v2\/media\/2237"}],"wp:attachment":[{"href":"https:\/\/ciberdata.com.pe\/index.php\/wp-json\/wp\/v2\/media?parent=2236"}],"wp:term":[{"taxonomy":"product_brand","embeddable":true,"href":"https:\/\/ciberdata.com.pe\/index.php\/wp-json\/wp\/v2\/product_brand?post=2236"},{"taxonomy":"product_cat","embeddable":true,"href":"https:\/\/ciberdata.com.pe\/index.php\/wp-json\/wp\/v2\/product_cat?post=2236"},{"taxonomy":"product_tag","embeddable":true,"href":"https:\/\/ciberdata.com.pe\/index.php\/wp-json\/wp\/v2\/product_tag?post=2236"}],"curies":[{"name":"wp","href":"https:\/\/api.w.org\/{rel}","templated":true}]}}