{"id":2230,"date":"2026-02-16T10:50:54","date_gmt":"2026-02-16T15:50:54","guid":{"rendered":"https:\/\/ciberdata.com.pe\/?post_type=product&#038;p=2230"},"modified":"2026-02-16T11:16:35","modified_gmt":"2026-02-16T16:16:35","slug":"hikvision-mini-ups","status":"publish","type":"product","link":"https:\/\/ciberdata.com.pe\/index.php\/producto\/hikvision-mini-ups\/","title":{"rendered":"HIKVISION MINI UPS"},"content":{"rendered":"<h1><span style=\"color: #ff0000;\"><strong>CARACTERISTICAS \u2713<\/strong><\/span><\/h1>\n<hr \/>\n<ul>\n<li><strong data-start=\"154\" data-end=\"197\">Mini UPS port\u00e1til Hikvision DS\u2011UPS18D\u2011Z<\/strong> ofrece respaldo de energ\u00eda continuo para c\u00e1maras, routers y dispositivos de red.<\/li>\n<li>Equipada con <strong data-start=\"334\" data-end=\"381\">bater\u00eda de litio de alta capacidad 8000\u202fmAh<\/strong> que mantiene tus equipos operativos durante cortes de luz.<\/li>\n<li>Soporta <strong data-start=\"491\" data-end=\"535\">voltajes de salida de 5\u202fV, 9\u202fV y 12\u202fV DC<\/strong>, adapt\u00e1ndose a m\u00faltiples equipos electr\u00f3nicos.<\/li>\n<li>Incluye <strong data-start=\"633\" data-end=\"661\">puertos USB y salidas DC<\/strong>, adem\u00e1s de salida <strong data-start=\"680\" data-end=\"715\">PoE seleccionable (15\u202fV o 24\u202fV)<\/strong> para dispositivos compatibles.<\/li>\n<li>Compacta y ligera, su <strong data-start=\"811\" data-end=\"875\">dise\u00f1o port\u00e1til facilita su instalaci\u00f3n en cualquier espacio<\/strong> del hogar u oficina.<\/li>\n<li><strong data-start=\"939\" data-end=\"980\">Entrada AC autoadaptable de 100\u2011240\u202fV<\/strong> permite uso en diferentes regiones sin necesidad de transformadores.<\/li>\n<li><strong data-start=\"1092\" data-end=\"1119\">Protecciones integradas<\/strong> contra sobrecarga, cortocircuito y sobre\u2011descarga protegen los dispositivos conectados.<\/li>\n<li><strong data-start=\"1250\" data-end=\"1269\">Indicadores LED<\/strong> muestran el estado de carga y modo de operaci\u00f3n (AC o bater\u00eda).<\/li>\n<li>Ideal para <strong data-start=\"1514\" data-end=\"1583\">sistemas de vigilancia, redes Wi\u2011Fi, m\u00f3dems, c\u00e1maras y equipos DC<\/strong>, asegurando continuidad operativa ante apagones. <span style=\"color: #ff0000;\"><b><br \/>\n<a href=\"https:\/\/ciberdata.com.pe\/wp-content\/uploads\/2026\/02\/AWAW.svg\"><img loading=\"lazy\" decoding=\"async\" class=\"wp-image-2205 alignright\" role=\"img\" src=\"https:\/\/ciberdata.com.pe\/wp-content\/uploads\/2026\/02\/AWAW.svg\" alt=\"\" width=\"237\" height=\"30\" \/><\/a><\/b><\/span><\/li>\n<\/ul>\n","protected":false},"excerpt":{"rendered":"<p>CARACTERISTICAS \u2713 Mini UPS port\u00e1til Hikvision DS\u2011UPS18D\u2011Z ofrece respaldo de energ\u00eda continuo para c\u00e1maras, routers y dispositivos de red. Equipada<\/p>\n","protected":false},"featured_media":2233,"comment_status":"open","ping_status":"closed","template":"","meta":[],"product_brand":[136],"product_cat":[182],"product_tag":[],"class_list":{"0":"post-2230","1":"product","2":"type-product","3":"status-publish","4":"has-post-thumbnail","6":"product_brand-hikvision","7":"product_cat-accesorios-de-camaras-de-seguridad","9":"first","10":"instock","11":"sale","12":"taxable","13":"shipping-taxable","14":"purchasable","15":"product-type-simple"},"_links":{"self":[{"href":"https:\/\/ciberdata.com.pe\/index.php\/wp-json\/wp\/v2\/product\/2230","targetHints":{"allow":["GET"]}}],"collection":[{"href":"https:\/\/ciberdata.com.pe\/index.php\/wp-json\/wp\/v2\/product"}],"about":[{"href":"https:\/\/ciberdata.com.pe\/index.php\/wp-json\/wp\/v2\/types\/product"}],"replies":[{"embeddable":true,"href":"https:\/\/ciberdata.com.pe\/index.php\/wp-json\/wp\/v2\/comments?post=2230"}],"wp:featuredmedia":[{"embeddable":true,"href":"https:\/\/ciberdata.com.pe\/index.php\/wp-json\/wp\/v2\/media\/2233"}],"wp:attachment":[{"href":"https:\/\/ciberdata.com.pe\/index.php\/wp-json\/wp\/v2\/media?parent=2230"}],"wp:term":[{"taxonomy":"product_brand","embeddable":true,"href":"https:\/\/ciberdata.com.pe\/index.php\/wp-json\/wp\/v2\/product_brand?post=2230"},{"taxonomy":"product_cat","embeddable":true,"href":"https:\/\/ciberdata.com.pe\/index.php\/wp-json\/wp\/v2\/product_cat?post=2230"},{"taxonomy":"product_tag","embeddable":true,"href":"https:\/\/ciberdata.com.pe\/index.php\/wp-json\/wp\/v2\/product_tag?post=2230"}],"curies":[{"name":"wp","href":"https:\/\/api.w.org\/{rel}","templated":true}]}}