{"id":2222,"date":"2026-02-16T10:00:10","date_gmt":"2026-02-16T15:00:10","guid":{"rendered":"https:\/\/ciberdata.com.pe\/?post_type=product&#038;p=2222"},"modified":"2026-02-16T10:11:40","modified_gmt":"2026-02-16T15:11:40","slug":"hikvision-tubo-ip-4mp-exteriorsmart-hybrid-light-con-color-vucon-audio-ir-30m","status":"publish","type":"product","link":"https:\/\/ciberdata.com.pe\/index.php\/producto\/hikvision-tubo-ip-4mp-exteriorsmart-hybrid-light-con-color-vucon-audio-ir-30m\/","title":{"rendered":"HIKVISION TUBO IP 4MP EXTERIOR,SMART HYBRID LIGHT CON COLOR  VU,CON AUDIO IR 30M"},"content":{"rendered":"<h1><span style=\"color: #ff0000;\"><strong>CARACTERISTICAS \u2713<\/strong><\/span><\/h1>\n<hr \/>\n<ul>\n<li>C\u00e1mara <strong data-start=\"177\" data-end=\"227\">IP tipo tubo con resoluci\u00f3n 4 MP (2560 \u00d7 1440)<\/strong> para im\u00e1genes claras y detalladas.<\/li>\n<li>Incorpora <strong data-start=\"315\" data-end=\"360\">tecnolog\u00eda ColorVu con Smart Hybrid Light<\/strong> para video a color incluso en baja iluminaci\u00f3n.<\/li>\n<li><strong data-start=\"451\" data-end=\"488\">Detecci\u00f3n de personas y veh\u00edculos<\/strong> integrada para seguridad inteligente y alertas m\u00e1s precisas.<\/li>\n<li><strong data-start=\"592\" data-end=\"615\">Micr\u00f3fono integrado<\/strong> permite grabar audio junto con el video.<\/li>\n<li>Admite <strong data-start=\"843\" data-end=\"903\">almacenamiento local con tarjeta microSD de hasta 512 GB<\/strong> opcional.<\/li>\n<li>Su dise\u00f1o <strong data-start=\"966\" data-end=\"1001\">IP67 resistente al agua y polvo<\/strong> la hace ideal para entornos interiores y exteriores.<\/li>\n<li><strong data-start=\"1224\" data-end=\"1272\">Smart Hybrid Light con alcance de hasta 30 m<\/strong> mejora la visi\u00f3n nocturna con IR y luz blanca.<\/li>\n<li>Soporta <strong data-start=\"707\" data-end=\"738\">compresi\u00f3n eficiente H.265+<\/strong>, ahorrando espacio de almacenamiento y ancho de banda.<\/li>\n<li style=\"text-align: left;\"><span style=\"color: #ff0000;\"><span style=\"color: #000000;\">Alimentaci\u00f3n <strong>PoE.<\/strong><\/span><b><br \/>\n<a href=\"https:\/\/ciberdata.com.pe\/wp-content\/uploads\/2026\/02\/AWAW.svg\"><img loading=\"lazy\" decoding=\"async\" class=\"wp-image-2205 alignright\" role=\"img\" src=\"https:\/\/ciberdata.com.pe\/wp-content\/uploads\/2026\/02\/AWAW.svg\" alt=\"\" width=\"237\" height=\"30\" \/><\/a><\/b><\/span><\/li>\n<\/ul>\n","protected":false},"excerpt":{"rendered":"<p>CARACTERISTICAS \u2713 C\u00e1mara IP tipo tubo con resoluci\u00f3n 4 MP (2560 \u00d7 1440) para im\u00e1genes claras y detalladas. Incorpora tecnolog\u00eda<\/p>\n","protected":false},"featured_media":2223,"comment_status":"open","ping_status":"closed","template":"","meta":[],"product_brand":[136],"product_cat":[130,149,158],"product_tag":[],"class_list":{"0":"post-2222","1":"product","2":"type-product","3":"status-publish","4":"has-post-thumbnail","6":"product_brand-hikvision","7":"product_cat-camaras-de-seguridad","8":"product_cat-camaras-ip","9":"product_cat-exterior-ip","11":"first","12":"instock","13":"sale","14":"taxable","15":"shipping-taxable","16":"purchasable","17":"product-type-simple"},"_links":{"self":[{"href":"https:\/\/ciberdata.com.pe\/index.php\/wp-json\/wp\/v2\/product\/2222","targetHints":{"allow":["GET"]}}],"collection":[{"href":"https:\/\/ciberdata.com.pe\/index.php\/wp-json\/wp\/v2\/product"}],"about":[{"href":"https:\/\/ciberdata.com.pe\/index.php\/wp-json\/wp\/v2\/types\/product"}],"replies":[{"embeddable":true,"href":"https:\/\/ciberdata.com.pe\/index.php\/wp-json\/wp\/v2\/comments?post=2222"}],"wp:featuredmedia":[{"embeddable":true,"href":"https:\/\/ciberdata.com.pe\/index.php\/wp-json\/wp\/v2\/media\/2223"}],"wp:attachment":[{"href":"https:\/\/ciberdata.com.pe\/index.php\/wp-json\/wp\/v2\/media?parent=2222"}],"wp:term":[{"taxonomy":"product_brand","embeddable":true,"href":"https:\/\/ciberdata.com.pe\/index.php\/wp-json\/wp\/v2\/product_brand?post=2222"},{"taxonomy":"product_cat","embeddable":true,"href":"https:\/\/ciberdata.com.pe\/index.php\/wp-json\/wp\/v2\/product_cat?post=2222"},{"taxonomy":"product_tag","embeddable":true,"href":"https:\/\/ciberdata.com.pe\/index.php\/wp-json\/wp\/v2\/product_tag?post=2222"}],"curies":[{"name":"wp","href":"https:\/\/api.w.org\/{rel}","templated":true}]}}