{"id":2213,"date":"2026-02-14T15:55:00","date_gmt":"2026-02-14T20:55:00","guid":{"rendered":"https:\/\/ciberdata.com.pe\/?post_type=product&#038;p=2213"},"modified":"2026-02-14T18:14:51","modified_gmt":"2026-02-14T23:14:51","slug":"hikvision-domo-5mp-3k-interiorsmart-hybrid-light-con-color-vu-con-audio-ir-40m","status":"publish","type":"product","link":"https:\/\/ciberdata.com.pe\/index.php\/producto\/hikvision-domo-5mp-3k-interiorsmart-hybrid-light-con-color-vu-con-audio-ir-40m\/","title":{"rendered":"HIKVISION DOMO 5MP 3K INTERIOR,SMART HYBRID LIGHT CON COLOR VU ,CON AUDIO IR 40M"},"content":{"rendered":"<h1><span style=\"color: #ff0000;\"><strong>CARACTERISTICAS \u2713<\/strong><\/span><\/h1>\n<hr \/>\n<ul>\n<li>C\u00e1mara tipo <strong data-start=\"152\" data-end=\"192\">domo anal\u00f3gica 3K (3328\u00d71504)<\/strong> con gran calidad de imagen en formato panor\u00e1mico.<\/li>\n<li>Tecnolog\u00eda <strong data-start=\"296\" data-end=\"312\">ColorVu 24\/7<\/strong> que mantiene im\u00e1genes a color incluso con poca luz.<\/li>\n<li>Dise\u00f1o <strong data-start=\"414\" data-end=\"427\">dual-lens<\/strong> con algoritmo de empalme para un \u00e1ngulo de visi\u00f3n amplio de <strong data-start=\"488\" data-end=\"496\">180\u00b0<\/strong> sin puntos ciegos.<\/li>\n<li><strong data-start=\"558\" data-end=\"580\">Smart Hybrid Light<\/strong> con luz blanca e infrarroja de hasta <strong data-start=\"618\" data-end=\"626\">40 m<\/strong> para visi\u00f3n nocturna eficaz.<\/li>\n<li><strong data-start=\"698\" data-end=\"713\">WDR \u2265130 dB<\/strong> y <strong data-start=\"716\" data-end=\"726\">3D DNR<\/strong> para im\u00e1genes claras en condiciones de alto contraste.<\/li>\n<li><strong data-start=\"824\" data-end=\"847\">Micr\u00f3fono integrado<\/strong> con audio transmitido por el mismo cable coaxial.<\/li>\n<li>Compatible con m\u00faltiples formatos anal\u00f3gicos (<strong data-start=\"986\" data-end=\"1006\">TVI\/AHD\/CVI\/CVBS<\/strong>) para distintos DVR.<\/li>\n<li><strong data-start=\"1070\" data-end=\"1091\">Lente fija 2.8 mm<\/strong> con campo de visi\u00f3n horizontal panor\u00e1mico de 180\u00b0.<\/li>\n<li style=\"text-align: left;\"><span style=\"color: #ff0000;\"><span style=\"color: #000000;\">Construcci\u00f3n resistente con protecci\u00f3n IP67 contra polvo y agua para uso exterior e interior.<\/span><b><br \/>\n<a href=\"https:\/\/ciberdata.com.pe\/wp-content\/uploads\/2026\/02\/AWAW.svg\"><img loading=\"lazy\" decoding=\"async\" class=\"wp-image-2205 alignright\" role=\"img\" src=\"https:\/\/ciberdata.com.pe\/wp-content\/uploads\/2026\/02\/AWAW.svg\" alt=\"\" width=\"237\" height=\"30\" \/><\/a><\/b><\/span><\/li>\n<\/ul>\n","protected":false},"excerpt":{"rendered":"<p>CARACTERISTICAS \u2713 C\u00e1mara tipo domo anal\u00f3gica 3K (3328\u00d71504) con gran calidad de imagen en formato panor\u00e1mico. Tecnolog\u00eda ColorVu 24\/7 que<\/p>\n","protected":false},"featured_media":2214,"comment_status":"open","ping_status":"closed","template":"","meta":[],"product_brand":[136],"product_cat":[153,130,154],"product_tag":[],"class_list":{"0":"post-2213","1":"product","2":"type-product","3":"status-publish","4":"has-post-thumbnail","6":"product_brand-hikvision","7":"product_cat-camaras-analogas","8":"product_cat-camaras-de-seguridad","9":"product_cat-interior","11":"first","12":"instock","13":"sale","14":"taxable","15":"shipping-taxable","16":"purchasable","17":"product-type-simple"},"_links":{"self":[{"href":"https:\/\/ciberdata.com.pe\/index.php\/wp-json\/wp\/v2\/product\/2213","targetHints":{"allow":["GET"]}}],"collection":[{"href":"https:\/\/ciberdata.com.pe\/index.php\/wp-json\/wp\/v2\/product"}],"about":[{"href":"https:\/\/ciberdata.com.pe\/index.php\/wp-json\/wp\/v2\/types\/product"}],"replies":[{"embeddable":true,"href":"https:\/\/ciberdata.com.pe\/index.php\/wp-json\/wp\/v2\/comments?post=2213"}],"wp:featuredmedia":[{"embeddable":true,"href":"https:\/\/ciberdata.com.pe\/index.php\/wp-json\/wp\/v2\/media\/2214"}],"wp:attachment":[{"href":"https:\/\/ciberdata.com.pe\/index.php\/wp-json\/wp\/v2\/media?parent=2213"}],"wp:term":[{"taxonomy":"product_brand","embeddable":true,"href":"https:\/\/ciberdata.com.pe\/index.php\/wp-json\/wp\/v2\/product_brand?post=2213"},{"taxonomy":"product_cat","embeddable":true,"href":"https:\/\/ciberdata.com.pe\/index.php\/wp-json\/wp\/v2\/product_cat?post=2213"},{"taxonomy":"product_tag","embeddable":true,"href":"https:\/\/ciberdata.com.pe\/index.php\/wp-json\/wp\/v2\/product_tag?post=2213"}],"curies":[{"name":"wp","href":"https:\/\/api.w.org\/{rel}","templated":true}]}}