{"id":2207,"date":"2026-02-14T15:02:29","date_gmt":"2026-02-14T20:02:29","guid":{"rendered":"https:\/\/ciberdata.com.pe\/?post_type=product&#038;p=2207"},"modified":"2026-02-14T15:36:18","modified_gmt":"2026-02-14T20:36:18","slug":"hikvision-domo-2mp-1080p-interiorsmart-hybrid-lightcon-audio-ir-20m","status":"publish","type":"product","link":"https:\/\/ciberdata.com.pe\/index.php\/producto\/hikvision-domo-2mp-1080p-interiorsmart-hybrid-lightcon-audio-ir-20m\/","title":{"rendered":"HIKVISION DOMO 2MP 1080p INTERIOR,SMART HYBRID LIGHT,CON AUDIO IR 20M"},"content":{"rendered":"<h1><span style=\"color: #ff0000;\"><strong>CARACTERISTICAS \u2713<\/strong><\/span><\/h1>\n<hr \/>\n<ul>\n<li>C\u00e1mara tipo <strong data-start=\"149\" data-end=\"172\">domo de 2\u202fMP<\/strong> con resoluci\u00f3n <strong data-start=\"188\" data-end=\"205\">Full HD 1080p<\/strong> para im\u00e1genes detalladas y n\u00edtidas.<\/li>\n<li>Tecnolog\u00eda <strong data-start=\"295\" data-end=\"317\">Smart Hybrid Light<\/strong> que combina infrarrojo y luz blanca para mejor visi\u00f3n nocturna hasta <strong data-start=\"387\" data-end=\"395\">20\u202fm<\/strong>.<\/li>\n<li><strong data-start=\"439\" data-end=\"462\">Micr\u00f3fono integrado<\/strong> con audio sobre cable coaxial para grabaci\u00f3n de sonido junto al video.<\/li>\n<li>Compatible con <strong data-start=\"591\" data-end=\"615\">TVI, AHD, CVI y CVBS<\/strong>, facilitando su uso con diferentes DVR.<\/li>\n<li>Lentes fijos disponibles de <strong data-start=\"726\" data-end=\"745\">2.8\u202fmm o 3.6\u202fmm<\/strong> para distintos \u00e1ngulos de visi\u00f3n.<\/li>\n<li>Modo d\u00eda\/noche autom\u00e1tico (ICR) para adaptarse a condiciones de luz cambiantes.<\/li>\n<li>Mejora digital de imagen con funciones como DWDR, BLC y HLC.<\/li>\n<li>Soporta un rango de operaci\u00f3n amplio de <strong data-start=\"1186\" data-end=\"1204\">\u201140\u202f\u00b0C a 60\u202f\u00b0C<\/strong> para uso en diversas condiciones.<\/li>\n<li style=\"text-align: left;\"><span style=\"color: #000000;\">Ajuste de \u00e1ngulo flexible para montaje en techo<\/span><span style=\"color: #ff0000;\"><b><br \/>\n<a href=\"https:\/\/ciberdata.com.pe\/wp-content\/uploads\/2026\/02\/AWAW.svg\"><img loading=\"lazy\" decoding=\"async\" class=\"wp-image-2205 alignright\" role=\"img\" src=\"https:\/\/ciberdata.com.pe\/wp-content\/uploads\/2026\/02\/AWAW.svg\" alt=\"\" width=\"237\" height=\"30\" \/><\/a><\/b><\/span><\/li>\n<\/ul>\n","protected":false},"excerpt":{"rendered":"<p>CARACTERISTICAS \u2713 C\u00e1mara tipo domo de 2\u202fMP con resoluci\u00f3n Full HD 1080p para im\u00e1genes detalladas y n\u00edtidas. Tecnolog\u00eda Smart Hybrid<\/p>\n","protected":false},"featured_media":2209,"comment_status":"open","ping_status":"closed","template":"","meta":[],"product_brand":[136],"product_cat":[153,130,154],"product_tag":[],"class_list":{"0":"post-2207","1":"product","2":"type-product","3":"status-publish","4":"has-post-thumbnail","6":"product_brand-hikvision","7":"product_cat-camaras-analogas","8":"product_cat-camaras-de-seguridad","9":"product_cat-interior","11":"first","12":"instock","13":"sale","14":"taxable","15":"shipping-taxable","16":"purchasable","17":"product-type-simple"},"_links":{"self":[{"href":"https:\/\/ciberdata.com.pe\/index.php\/wp-json\/wp\/v2\/product\/2207","targetHints":{"allow":["GET"]}}],"collection":[{"href":"https:\/\/ciberdata.com.pe\/index.php\/wp-json\/wp\/v2\/product"}],"about":[{"href":"https:\/\/ciberdata.com.pe\/index.php\/wp-json\/wp\/v2\/types\/product"}],"replies":[{"embeddable":true,"href":"https:\/\/ciberdata.com.pe\/index.php\/wp-json\/wp\/v2\/comments?post=2207"}],"wp:featuredmedia":[{"embeddable":true,"href":"https:\/\/ciberdata.com.pe\/index.php\/wp-json\/wp\/v2\/media\/2209"}],"wp:attachment":[{"href":"https:\/\/ciberdata.com.pe\/index.php\/wp-json\/wp\/v2\/media?parent=2207"}],"wp:term":[{"taxonomy":"product_brand","embeddable":true,"href":"https:\/\/ciberdata.com.pe\/index.php\/wp-json\/wp\/v2\/product_brand?post=2207"},{"taxonomy":"product_cat","embeddable":true,"href":"https:\/\/ciberdata.com.pe\/index.php\/wp-json\/wp\/v2\/product_cat?post=2207"},{"taxonomy":"product_tag","embeddable":true,"href":"https:\/\/ciberdata.com.pe\/index.php\/wp-json\/wp\/v2\/product_tag?post=2207"}],"curies":[{"name":"wp","href":"https:\/\/api.w.org\/{rel}","templated":true}]}}