{"id":1900,"date":"2026-02-04T11:07:28","date_gmt":"2026-02-04T16:07:28","guid":{"rendered":"https:\/\/ciberdata.com.pe\/?post_type=product&#038;p=1900"},"modified":"2026-02-04T12:22:46","modified_gmt":"2026-02-04T17:22:46","slug":"hikvision-nvr-de-16ch-4k","status":"publish","type":"product","link":"https:\/\/ciberdata.com.pe\/index.php\/producto\/hikvision-nvr-de-16ch-4k\/","title":{"rendered":"HIKVISION NVR 16CH 4K"},"content":{"rendered":"<h1><span style=\"color: #ff0000;\"><strong>CARACTERISTICAS \u2713<\/strong><\/span><\/h1>\n<hr \/>\n<ul>\n<li><strong>Capacidad de canales:<\/strong> Soporta hasta <strong>16 c\u00e1maras IP<\/strong> en red de manera simult\u00e1nea.<\/li>\n<li><strong>Resoluci\u00f3n m\u00e1xima:<\/strong> Compatible con grabaci\u00f3n en <strong>4K Ultra HD<\/strong> para im\u00e1genes de alta definici\u00f3n.<\/li>\n<li><strong>Puertos PoE:<\/strong> Integra <strong>16 puertos PoE<\/strong>, simplificando la instalaci\u00f3n y alimentaci\u00f3n de las c\u00e1maras.<\/li>\n<li><strong>Almacenamiento:<\/strong> Admite discos duros SATA de hasta <strong>6 TB cada uno<\/strong>, para grabaciones extensas.<\/li>\n<li><strong>Compresi\u00f3n de video:<\/strong> Utiliza <strong>H.265+<\/strong> para optimizar espacio sin perder calidad.<\/li>\n<li><strong>Conectividad:<\/strong> Salidas <strong>HDMI y VGA<\/strong> para visualizaci\u00f3n en monitores.<\/li>\n<li><strong>Gesti\u00f3n remota:<\/strong> Compatible con la <strong>app Hik-Connect<\/strong> para acceso desde m\u00f3viles y PC.<\/li>\n<li><strong>Funciones inteligentes:<\/strong> Soporta detecci\u00f3n de movimiento y alertas en tiempo real.<\/li>\n<li><strong>Interfaz amigable:<\/strong> Men\u00fas intuitivos para configuraci\u00f3n r\u00e1pida y sencilla.<\/li>\n<li><strong>Seguridad:<\/strong> Cifrado avanzado y actualizaciones de firmware para mantener el sistema protegido.<\/li>\n<\/ul>\n","protected":false},"excerpt":{"rendered":"<p>CARACTERISTICAS \u2713 Capacidad de canales: Soporta hasta 16 c\u00e1maras IP en red de manera simult\u00e1nea. Resoluci\u00f3n m\u00e1xima: Compatible con grabaci\u00f3n<\/p>\n","protected":false},"featured_media":1901,"comment_status":"open","ping_status":"closed","template":"","meta":[],"product_brand":[136],"product_cat":[184,147,188],"product_tag":[141,140],"class_list":{"0":"post-1900","1":"product","2":"type-product","3":"status-publish","4":"has-post-thumbnail","6":"product_brand-hikvision","7":"product_cat-grabador-de-videovigilancia","8":"product_cat-grabadores-de-videovigilancia-y-almacenamiento","9":"product_cat-nvr-acusense","10":"product_tag-ezviz","11":"product_tag-wifi","13":"first","14":"instock","15":"sale","16":"taxable","17":"shipping-taxable","18":"purchasable","19":"product-type-simple"},"_links":{"self":[{"href":"https:\/\/ciberdata.com.pe\/index.php\/wp-json\/wp\/v2\/product\/1900","targetHints":{"allow":["GET"]}}],"collection":[{"href":"https:\/\/ciberdata.com.pe\/index.php\/wp-json\/wp\/v2\/product"}],"about":[{"href":"https:\/\/ciberdata.com.pe\/index.php\/wp-json\/wp\/v2\/types\/product"}],"replies":[{"embeddable":true,"href":"https:\/\/ciberdata.com.pe\/index.php\/wp-json\/wp\/v2\/comments?post=1900"}],"wp:featuredmedia":[{"embeddable":true,"href":"https:\/\/ciberdata.com.pe\/index.php\/wp-json\/wp\/v2\/media\/1901"}],"wp:attachment":[{"href":"https:\/\/ciberdata.com.pe\/index.php\/wp-json\/wp\/v2\/media?parent=1900"}],"wp:term":[{"taxonomy":"product_brand","embeddable":true,"href":"https:\/\/ciberdata.com.pe\/index.php\/wp-json\/wp\/v2\/product_brand?post=1900"},{"taxonomy":"product_cat","embeddable":true,"href":"https:\/\/ciberdata.com.pe\/index.php\/wp-json\/wp\/v2\/product_cat?post=1900"},{"taxonomy":"product_tag","embeddable":true,"href":"https:\/\/ciberdata.com.pe\/index.php\/wp-json\/wp\/v2\/product_tag?post=1900"}],"curies":[{"name":"wp","href":"https:\/\/api.w.org\/{rel}","templated":true}]}}