{"id":1892,"date":"2026-02-04T10:09:15","date_gmt":"2026-02-04T15:09:15","guid":{"rendered":"https:\/\/ciberdata.com.pe\/?post_type=product&#038;p=1892"},"modified":"2026-02-07T10:34:32","modified_gmt":"2026-02-07T15:34:32","slug":"imou-nvr-de-10ch-n110w-8a0e","status":"publish","type":"product","link":"https:\/\/ciberdata.com.pe\/index.php\/producto\/imou-nvr-de-10ch-n110w-8a0e\/","title":{"rendered":"IMOU NVR DE 10CH N110W-8A0E"},"content":{"rendered":"<h1><span style=\"color: #ff9900;\"><strong>CARACTERISTICAS \u2713<\/strong><\/span><\/h1>\n<hr \/>\n<ul>\n<li><strong>Capacidad de canales:<\/strong> Admite hasta <strong>10 c\u00e1maras IP<\/strong> simult\u00e1neas para una cobertura completa.<\/li>\n<li><strong>Resoluci\u00f3n m\u00e1xima:<\/strong> Compatible con grabaci\u00f3n en <strong>4K Ultra HD (8MP)<\/strong> para im\u00e1genes n\u00edtidas.<\/li>\n<li><strong>Conectividad inal\u00e1mbrica:<\/strong> Incorpora <strong>Wi-Fi de doble banda<\/strong> para transmisi\u00f3n estable y r\u00e1pida.<\/li>\n<li><strong>Instalaci\u00f3n sencilla:<\/strong> Emparejamiento autom\u00e1tico de c\u00e1maras sin configuraciones complicadas.<\/li>\n<li><strong>Almacenamiento:<\/strong> Soporta discos duros SATA de hasta <strong>16 TB<\/strong> para grabaciones prolongadas.<\/li>\n<li><strong>Gesti\u00f3n remota:<\/strong> Control total desde la <strong>app IMOU Life<\/strong>, con acceso en cualquier lugar.<\/li>\n<li><strong>Funciones inteligentes:<\/strong> Reproducci\u00f3n, b\u00fasqueda r\u00e1pida y respaldo de grabaciones.<\/li>\n<li><strong>Audio integrado:<\/strong> Compatible con c\u00e1maras que incluyen <strong>micr\u00f3fono y altavoz<\/strong> para comunicaci\u00f3n bidireccional.<\/li>\n<li><strong>Dise\u00f1o compacto:<\/strong> Ideal para uso dom\u00e9stico o empresarial, f\u00e1cil de ubicar en cualquier espacio.<\/li>\n<li><strong>Seguridad confiable:<\/strong> Cifrado de datos y actualizaciones OTA para mantener el sistema protegido.<\/li>\n<\/ul>\n","protected":false},"excerpt":{"rendered":"<p>CARACTERISTICAS \u2713 Capacidad de canales: Admite hasta 10 c\u00e1maras IP simult\u00e1neas para una cobertura completa. Resoluci\u00f3n m\u00e1xima: Compatible con grabaci\u00f3n<\/p>\n","protected":false},"featured_media":2018,"comment_status":"open","ping_status":"closed","template":"","meta":[],"product_brand":[137],"product_cat":[184,147,186],"product_tag":[141,196,140],"class_list":{"0":"post-1892","1":"product","2":"type-product","3":"status-publish","4":"has-post-thumbnail","6":"product_brand-imou","7":"product_cat-grabador-de-videovigilancia","8":"product_cat-grabadores-de-videovigilancia-y-almacenamiento","9":"product_cat-nvr-imou","10":"product_tag-ezviz","11":"product_tag-nuevo","12":"product_tag-wifi","14":"first","15":"instock","16":"sale","17":"taxable","18":"shipping-taxable","19":"purchasable","20":"product-type-simple"},"_links":{"self":[{"href":"https:\/\/ciberdata.com.pe\/index.php\/wp-json\/wp\/v2\/product\/1892","targetHints":{"allow":["GET"]}}],"collection":[{"href":"https:\/\/ciberdata.com.pe\/index.php\/wp-json\/wp\/v2\/product"}],"about":[{"href":"https:\/\/ciberdata.com.pe\/index.php\/wp-json\/wp\/v2\/types\/product"}],"replies":[{"embeddable":true,"href":"https:\/\/ciberdata.com.pe\/index.php\/wp-json\/wp\/v2\/comments?post=1892"}],"wp:featuredmedia":[{"embeddable":true,"href":"https:\/\/ciberdata.com.pe\/index.php\/wp-json\/wp\/v2\/media\/2018"}],"wp:attachment":[{"href":"https:\/\/ciberdata.com.pe\/index.php\/wp-json\/wp\/v2\/media?parent=1892"}],"wp:term":[{"taxonomy":"product_brand","embeddable":true,"href":"https:\/\/ciberdata.com.pe\/index.php\/wp-json\/wp\/v2\/product_brand?post=1892"},{"taxonomy":"product_cat","embeddable":true,"href":"https:\/\/ciberdata.com.pe\/index.php\/wp-json\/wp\/v2\/product_cat?post=1892"},{"taxonomy":"product_tag","embeddable":true,"href":"https:\/\/ciberdata.com.pe\/index.php\/wp-json\/wp\/v2\/product_tag?post=1892"}],"curies":[{"name":"wp","href":"https:\/\/api.w.org\/{rel}","templated":true}]}}