{"id":1844,"date":"2026-02-03T11:16:14","date_gmt":"2026-02-03T16:16:14","guid":{"rendered":"https:\/\/ciberdata.com.pe\/?post_type=product&#038;p=1844"},"modified":"2026-02-07T10:30:25","modified_gmt":"2026-02-07T15:30:25","slug":"imou-ranger-2-dual-5mp-3k","status":"publish","type":"product","link":"https:\/\/ciberdata.com.pe\/index.php\/producto\/imou-ranger-2-dual-5mp-3k\/","title":{"rendered":"IMOU RANGER 2 DUAL 5MP 3K"},"content":{"rendered":"<h1><span style=\"color: #ff0000;\"><strong><span style=\"color: #ff9900;\">CARACTERISTICAS \u2713<\/span><\/strong><\/span><\/h1>\n<hr \/>\n<ul>\n<li><strong>Resoluci\u00f3n Ultra HD 3K (5MP)<\/strong>: im\u00e1genes claras y detalladas para m\u00e1xima seguridad en interiores.<\/li>\n<li><strong>Lente dual (PTZ + fija)<\/strong>: permite cubrir dos \u00e1reas simult\u00e1neamente, con rotaci\u00f3n panor\u00e1mica de 0\u00b0\u2013355\u00b0 y 0\u00b0\u201390\u00b0 de inclinaci\u00f3n.<\/li>\n<li><strong>Visi\u00f3n nocturna inteligente a color<\/strong>: tecnolog\u00eda IMOU SENSE\u00ae y Aurora\u2122 para im\u00e1genes n\u00edtidas incluso en baja luz.<\/li>\n<li><strong>Funciones avanzadas de IA<\/strong>: detecci\u00f3n de humanos y mascotas, seguimiento autom\u00e1tico y alertas instant\u00e1neas al m\u00f3vil.<\/li>\n<li><strong>Audio bidireccional<\/strong>: micr\u00f3fono y altavoz integrados para comunicaci\u00f3n directa.<\/li>\n<li><strong>Conectividad Wi-Fi estable<\/strong>: transmisi\u00f3n fluida con compresi\u00f3n H.265.<\/li>\n<li><strong>Dise\u00f1o compacto y moderno<\/strong>: ideal para hogares, oficinas y espacios interiores.<\/li>\n<li><strong>Compatibilidad con almacenamiento local<\/strong>: admite tarjetas microSD de hasta 512 GB.<\/li>\n<\/ul>\n<p><img loading=\"lazy\" decoding=\"async\" class=\"alignnone wp-image-1840\" src=\"https:\/\/ciberdata.com.pe\/wp-content\/uploads\/2026\/02\/vsdvs-300x117.png\" alt=\"\" width=\"408\" height=\"159\" srcset=\"https:\/\/ciberdata.com.pe\/wp-content\/uploads\/2026\/02\/vsdvs-300x117.png 300w, https:\/\/ciberdata.com.pe\/wp-content\/uploads\/2026\/02\/vsdvs-768x300.png 768w, https:\/\/ciberdata.com.pe\/wp-content\/uploads\/2026\/02\/vsdvs-150x59.png 150w, https:\/\/ciberdata.com.pe\/wp-content\/uploads\/2026\/02\/vsdvs.png 1000w\" sizes=\"auto, (max-width: 408px) 100vw, 408px\" \/><img loading=\"lazy\" decoding=\"async\" class=\"alignnone wp-image-1195\" src=\"https:\/\/ciberdata.com.pe\/wp-content\/uploads\/2026\/01\/imou-logo-png_seeklogo-449578-300x300.png\" alt=\"\" width=\"161\" height=\"161\" srcset=\"https:\/\/ciberdata.com.pe\/wp-content\/uploads\/2026\/01\/imou-logo-png_seeklogo-449578-300x300.png 300w, https:\/\/ciberdata.com.pe\/wp-content\/uploads\/2026\/01\/imou-logo-png_seeklogo-449578-150x150.png 150w, https:\/\/ciberdata.com.pe\/wp-content\/uploads\/2026\/01\/imou-logo-png_seeklogo-449578.png 600w\" sizes=\"auto, (max-width: 161px) 100vw, 161px\" \/><\/p>\n","protected":false},"excerpt":{"rendered":"<p>CARACTERISTICAS \u2713 Resoluci\u00f3n Ultra HD 3K (5MP): im\u00e1genes claras y detalladas para m\u00e1xima seguridad en interiores. Lente dual (PTZ +<\/p>\n","protected":false},"featured_media":2011,"comment_status":"open","ping_status":"closed","template":"","meta":[],"product_brand":[137],"product_cat":[167,169],"product_tag":[142,140],"class_list":{"0":"post-1844","1":"product","2":"type-product","3":"status-publish","4":"has-post-thumbnail","6":"product_brand-imou","7":"product_cat-camaras-innalambricas","8":"product_cat-camaras-exterior","9":"product_tag-imou","10":"product_tag-wifi","12":"first","13":"instock","14":"sale","15":"taxable","16":"shipping-taxable","17":"purchasable","18":"product-type-simple"},"_links":{"self":[{"href":"https:\/\/ciberdata.com.pe\/index.php\/wp-json\/wp\/v2\/product\/1844","targetHints":{"allow":["GET"]}}],"collection":[{"href":"https:\/\/ciberdata.com.pe\/index.php\/wp-json\/wp\/v2\/product"}],"about":[{"href":"https:\/\/ciberdata.com.pe\/index.php\/wp-json\/wp\/v2\/types\/product"}],"replies":[{"embeddable":true,"href":"https:\/\/ciberdata.com.pe\/index.php\/wp-json\/wp\/v2\/comments?post=1844"}],"wp:featuredmedia":[{"embeddable":true,"href":"https:\/\/ciberdata.com.pe\/index.php\/wp-json\/wp\/v2\/media\/2011"}],"wp:attachment":[{"href":"https:\/\/ciberdata.com.pe\/index.php\/wp-json\/wp\/v2\/media?parent=1844"}],"wp:term":[{"taxonomy":"product_brand","embeddable":true,"href":"https:\/\/ciberdata.com.pe\/index.php\/wp-json\/wp\/v2\/product_brand?post=1844"},{"taxonomy":"product_cat","embeddable":true,"href":"https:\/\/ciberdata.com.pe\/index.php\/wp-json\/wp\/v2\/product_cat?post=1844"},{"taxonomy":"product_tag","embeddable":true,"href":"https:\/\/ciberdata.com.pe\/index.php\/wp-json\/wp\/v2\/product_tag?post=1844"}],"curies":[{"name":"wp","href":"https:\/\/api.w.org\/{rel}","templated":true}]}}