{"id":1838,"date":"2026-02-03T10:32:43","date_gmt":"2026-02-03T15:32:43","guid":{"rendered":"https:\/\/ciberdata.com.pe\/?post_type=product&#038;p=1838"},"modified":"2026-02-13T11:02:44","modified_gmt":"2026-02-13T16:02:44","slug":"imou-crusier-sc-8mp-poe","status":"publish","type":"product","link":"https:\/\/ciberdata.com.pe\/index.php\/producto\/imou-crusier-sc-8mp-poe\/","title":{"rendered":"IMOU CRUSIER SC 8MP POE"},"content":{"rendered":"<h1><span style=\"color: #ff0000;\"><strong><span style=\"color: #ff9900;\">CARACTERISTICAS \u2713<\/span><\/strong><\/span><\/h1>\n<hr \/>\n<ul>\n<li><strong>Resoluci\u00f3n Ultra HD 8MP (4K)<\/strong>: im\u00e1genes n\u00edtidas y detalladas para m\u00e1xima precisi\u00f3n en la vigilancia.<\/li>\n<li><strong>Conectividad dual PoE + Wi-Fi 6<\/strong>: transmisi\u00f3n estable y r\u00e1pida, adaptable a diferentes instalaciones.<\/li>\n<li><strong>Visi\u00f3n nocturna inteligente<\/strong>: cuatro modos de visi\u00f3n nocturna, incluyendo color completo en oscuridad total.<\/li>\n<li><strong>Disuasi\u00f3n activa<\/strong>: sirena de 120 dB, foco integrado y luces rojas\/azules para ahuyentar intrusos.<\/li>\n<li><strong>Seguimiento autom\u00e1tico con IA<\/strong>: rastreo inteligente de objetos en movimiento y alertas instant\u00e1neas al m\u00f3vil.<\/li>\n<li><strong>Audio bidireccional potente<\/strong>: altavoz de alta intensidad para comunicaci\u00f3n clara.<\/li>\n<li><strong>Cobertura panor\u00e1mica<\/strong>: rotaci\u00f3n de 0\u00b0\u2013355\u00b0 y \u00e1ngulo de inclinaci\u00f3n de 0\u00b0\u201390\u00b0 para vigilancia completa.<\/li>\n<li><strong>Resistencia al agua (IP66)<\/strong>: dise\u00f1ada para soportar condiciones clim\u00e1ticas adversas.<\/li>\n<li><strong>Compatibilidad con almacenamiento local<\/strong>: admite tarjetas microSD de hasta 512 GB.<\/li>\n<li><strong>Actualizaciones de IA (Algo Play)<\/strong>: algoritmos descargables para distintos escenarios de seguridad<\/li>\n<\/ul>\n<p><img loading=\"lazy\" decoding=\"async\" class=\"alignnone wp-image-1840\" src=\"https:\/\/ciberdata.com.pe\/wp-content\/uploads\/2026\/02\/vsdvs-300x117.png\" alt=\"\" width=\"408\" height=\"159\" srcset=\"https:\/\/ciberdata.com.pe\/wp-content\/uploads\/2026\/02\/vsdvs-300x117.png 300w, https:\/\/ciberdata.com.pe\/wp-content\/uploads\/2026\/02\/vsdvs-768x300.png 768w, https:\/\/ciberdata.com.pe\/wp-content\/uploads\/2026\/02\/vsdvs-150x59.png 150w, https:\/\/ciberdata.com.pe\/wp-content\/uploads\/2026\/02\/vsdvs.png 1000w\" sizes=\"auto, (max-width: 408px) 100vw, 408px\" \/><img loading=\"lazy\" decoding=\"async\" class=\"alignnone wp-image-1195\" src=\"https:\/\/ciberdata.com.pe\/wp-content\/uploads\/2026\/01\/imou-logo-png_seeklogo-449578-300x300.png\" alt=\"\" width=\"161\" height=\"161\" srcset=\"https:\/\/ciberdata.com.pe\/wp-content\/uploads\/2026\/01\/imou-logo-png_seeklogo-449578-300x300.png 300w, https:\/\/ciberdata.com.pe\/wp-content\/uploads\/2026\/01\/imou-logo-png_seeklogo-449578-150x150.png 150w, https:\/\/ciberdata.com.pe\/wp-content\/uploads\/2026\/01\/imou-logo-png_seeklogo-449578.png 600w\" sizes=\"auto, (max-width: 161px) 100vw, 161px\" \/><\/p>\n","protected":false},"excerpt":{"rendered":"<p>CARACTERISTICAS \u2713 Resoluci\u00f3n Ultra HD 8MP (4K): im\u00e1genes n\u00edtidas y detalladas para m\u00e1xima precisi\u00f3n en la vigilancia. Conectividad dual PoE<\/p>\n","protected":false},"featured_media":2160,"comment_status":"open","ping_status":"closed","template":"","meta":[],"product_brand":[137],"product_cat":[167,169],"product_tag":[142,140],"class_list":{"0":"post-1838","1":"product","2":"type-product","3":"status-publish","4":"has-post-thumbnail","6":"product_brand-imou","7":"product_cat-camaras-innalambricas","8":"product_cat-camaras-exterior","9":"product_tag-imou","10":"product_tag-wifi","12":"first","13":"instock","14":"sale","15":"taxable","16":"shipping-taxable","17":"purchasable","18":"product-type-simple"},"_links":{"self":[{"href":"https:\/\/ciberdata.com.pe\/index.php\/wp-json\/wp\/v2\/product\/1838","targetHints":{"allow":["GET"]}}],"collection":[{"href":"https:\/\/ciberdata.com.pe\/index.php\/wp-json\/wp\/v2\/product"}],"about":[{"href":"https:\/\/ciberdata.com.pe\/index.php\/wp-json\/wp\/v2\/types\/product"}],"replies":[{"embeddable":true,"href":"https:\/\/ciberdata.com.pe\/index.php\/wp-json\/wp\/v2\/comments?post=1838"}],"wp:featuredmedia":[{"embeddable":true,"href":"https:\/\/ciberdata.com.pe\/index.php\/wp-json\/wp\/v2\/media\/2160"}],"wp:attachment":[{"href":"https:\/\/ciberdata.com.pe\/index.php\/wp-json\/wp\/v2\/media?parent=1838"}],"wp:term":[{"taxonomy":"product_brand","embeddable":true,"href":"https:\/\/ciberdata.com.pe\/index.php\/wp-json\/wp\/v2\/product_brand?post=1838"},{"taxonomy":"product_cat","embeddable":true,"href":"https:\/\/ciberdata.com.pe\/index.php\/wp-json\/wp\/v2\/product_cat?post=1838"},{"taxonomy":"product_tag","embeddable":true,"href":"https:\/\/ciberdata.com.pe\/index.php\/wp-json\/wp\/v2\/product_tag?post=1838"}],"curies":[{"name":"wp","href":"https:\/\/api.w.org\/{rel}","templated":true}]}}