{"id":1825,"date":"2026-02-02T15:19:04","date_gmt":"2026-02-02T20:19:04","guid":{"rendered":"https:\/\/ciberdata.com.pe\/?post_type=product&#038;p=1825"},"modified":"2026-03-19T13:01:08","modified_gmt":"2026-03-19T18:01:08","slug":"imou-ranger-2-5mp-3k","status":"publish","type":"product","link":"https:\/\/ciberdata.com.pe\/index.php\/producto\/imou-ranger-2-5mp-3k\/","title":{"rendered":"IMOU RANGER 2 5MP 3K"},"content":{"rendered":"<h1><span style=\"color: #ff9900;\"><strong>CARACTERISTICAS \u2713<\/strong><\/span><\/h1>\n<ul>\n<li>C\u00e1mara de seguridad interior con resoluci\u00f3n <strong>3K (2688 x 1664 p\u00edxeles)<\/strong> para im\u00e1genes n\u00edtidas.<\/li>\n<li>Sensor <strong>CMOS progresivo de 1\/3\u201d<\/strong> que garantiza excelente calidad en diferentes condiciones de luz.<\/li>\n<li><strong>Visi\u00f3n nocturna de hasta 10 metros<\/strong>, perfecta para vigilancia en ambientes oscuros.<\/li>\n<li>Lente fija de <strong>3,6 mm<\/strong> con campo de visi\u00f3n amplio: 87\u00b0 horizontal, 48\u00b0 vertical y 108\u00b0 diagonal.<\/li>\n<li>Movimiento panor\u00e1mico de <strong>360\u00b0<\/strong> e inclinaci\u00f3n de -5\u00b0 a 80\u00b0 para cubrir casi todo el entorno.<\/li>\n<li>Compresi\u00f3n de video <strong>H.265\/H.264<\/strong>, que ahorra espacio sin perder calidad.<\/li>\n<li><strong>Audio bidireccional<\/strong> con micr\u00f3fono y altavoz integrados.<\/li>\n<li>Compatible con <strong>Wi-Fi 6 (IEEE802.11ax)<\/strong>, ofreciendo conexi\u00f3n m\u00e1s r\u00e1pida y estable.<b style=\"color: #ff0000;\"><img loading=\"lazy\" decoding=\"async\" class=\"wp-image-2322 alignright\" role=\"img\" src=\"https:\/\/ciberdata.com.pe\/wp-content\/uploads\/2026\/02\/imou-logo_brandlogos.net_i0qhd-300x81.png\" alt=\"\" width=\"215\" height=\"58\" srcset=\"https:\/\/ciberdata.com.pe\/wp-content\/uploads\/2026\/02\/imou-logo_brandlogos.net_i0qhd-300x81.png 300w, https:\/\/ciberdata.com.pe\/wp-content\/uploads\/2026\/02\/imou-logo_brandlogos.net_i0qhd-768x208.png 768w, https:\/\/ciberdata.com.pe\/wp-content\/uploads\/2026\/02\/imou-logo_brandlogos.net_i0qhd-150x41.png 150w, https:\/\/ciberdata.com.pe\/wp-content\/uploads\/2026\/02\/imou-logo_brandlogos.net_i0qhd.png 971w\" sizes=\"auto, (max-width: 215px) 100vw, 215px\" \/><\/b><\/li>\n<li>Almacenamiento en <strong>microSD hasta 512 GB<\/strong>, adem\u00e1s de soporte para la app Imou en iOS y Android.<\/li>\n<\/ul>\n","protected":false},"excerpt":{"rendered":"<p>CARACTERISTICAS \u2713 C\u00e1mara de seguridad interior con resoluci\u00f3n 3K (2688 x 1664 p\u00edxeles) para im\u00e1genes n\u00edtidas. Sensor CMOS progresivo de<\/p>\n","protected":false},"featured_media":2015,"comment_status":"open","ping_status":"closed","template":"","meta":[],"product_brand":[137],"product_cat":[167,168],"product_tag":[142,140],"class_list":{"0":"post-1825","1":"product","2":"type-product","3":"status-publish","4":"has-post-thumbnail","6":"product_brand-imou","7":"product_cat-camaras-innalambricas","8":"product_cat-camaras-interior","9":"product_tag-imou","10":"product_tag-wifi","12":"first","13":"instock","14":"sale","15":"taxable","16":"shipping-taxable","17":"purchasable","18":"product-type-simple"},"_links":{"self":[{"href":"https:\/\/ciberdata.com.pe\/index.php\/wp-json\/wp\/v2\/product\/1825","targetHints":{"allow":["GET"]}}],"collection":[{"href":"https:\/\/ciberdata.com.pe\/index.php\/wp-json\/wp\/v2\/product"}],"about":[{"href":"https:\/\/ciberdata.com.pe\/index.php\/wp-json\/wp\/v2\/types\/product"}],"replies":[{"embeddable":true,"href":"https:\/\/ciberdata.com.pe\/index.php\/wp-json\/wp\/v2\/comments?post=1825"}],"wp:featuredmedia":[{"embeddable":true,"href":"https:\/\/ciberdata.com.pe\/index.php\/wp-json\/wp\/v2\/media\/2015"}],"wp:attachment":[{"href":"https:\/\/ciberdata.com.pe\/index.php\/wp-json\/wp\/v2\/media?parent=1825"}],"wp:term":[{"taxonomy":"product_brand","embeddable":true,"href":"https:\/\/ciberdata.com.pe\/index.php\/wp-json\/wp\/v2\/product_brand?post=1825"},{"taxonomy":"product_cat","embeddable":true,"href":"https:\/\/ciberdata.com.pe\/index.php\/wp-json\/wp\/v2\/product_cat?post=1825"},{"taxonomy":"product_tag","embeddable":true,"href":"https:\/\/ciberdata.com.pe\/index.php\/wp-json\/wp\/v2\/product_tag?post=1825"}],"curies":[{"name":"wp","href":"https:\/\/api.w.org\/{rel}","templated":true}]}}