{"id":1822,"date":"2026-02-02T14:23:26","date_gmt":"2026-02-02T19:23:26","guid":{"rendered":"https:\/\/ciberdata.com.pe\/?post_type=product&#038;p=1822"},"modified":"2026-03-02T19:19:37","modified_gmt":"2026-03-03T00:19:37","slug":"imou-ranger-2-4mp-2k","status":"publish","type":"product","link":"https:\/\/ciberdata.com.pe\/index.php\/producto\/imou-ranger-2-4mp-2k\/","title":{"rendered":"IMOU RANGER 2 4MP 2K+"},"content":{"rendered":"<h1><span style=\"color: #ff9900;\"><strong>CARACTERISTICAS \u2713<\/strong><\/span><\/h1>\n<ul>\n<li>Resoluci\u00f3n <strong>2K+ (4MP, 2560 x 1440 p\u00edxeles)<\/strong> para im\u00e1genes ultra n\u00edtidas.<\/li>\n<li>Lente de <strong>3.6 mm<\/strong> con \u00e1ngulo de visi\u00f3n de 93\u00b0 horizontal y 48\u00b0 vertical.<\/li>\n<li>Funci\u00f3n <strong>Pan &amp; Tilt<\/strong> con giro de 0\u00b0 a 355\u00b0 e inclinaci\u00f3n de hasta 90\u00b0.<\/li>\n<li><strong>25 posiciones preestablecidas<\/strong> para vigilancia personalizada.<\/li>\n<li><strong>Smart IR<\/strong> con visi\u00f3n nocturna de hasta 10 metros.<\/li>\n<li>Compresi\u00f3n de video <strong>H.265\/H.264<\/strong> para ahorro de espacio y ancho de banda.<\/li>\n<li><strong>Detecci\u00f3n humana<\/strong> que reduce falsas alarmas y env\u00eda notificaciones inmediatas.<\/li>\n<li><strong>Seguimiento inteligente<\/strong> que sigue autom\u00e1ticamente objetos en movimiento.<br \/>\n<b style=\"color: #ff0000;\"><img loading=\"lazy\" decoding=\"async\" class=\"wp-image-2322 alignright\" role=\"img\" src=\"https:\/\/ciberdata.com.pe\/wp-content\/uploads\/2026\/02\/imou-logo_brandlogos.net_i0qhd-300x81.png\" alt=\"\" width=\"215\" height=\"58\" srcset=\"https:\/\/ciberdata.com.pe\/wp-content\/uploads\/2026\/02\/imou-logo_brandlogos.net_i0qhd-300x81.png 300w, https:\/\/ciberdata.com.pe\/wp-content\/uploads\/2026\/02\/imou-logo_brandlogos.net_i0qhd-768x208.png 768w, https:\/\/ciberdata.com.pe\/wp-content\/uploads\/2026\/02\/imou-logo_brandlogos.net_i0qhd-150x41.png 150w, https:\/\/ciberdata.com.pe\/wp-content\/uploads\/2026\/02\/imou-logo_brandlogos.net_i0qhd.png 971w\" sizes=\"auto, (max-width: 215px) 100vw, 215px\" \/><\/b><\/li>\n<li><strong>Sirena integrada y modo privacidad<\/strong> para mayor seguridad y control.<\/li>\n<\/ul>\n","protected":false},"excerpt":{"rendered":"<p>CARACTERISTICAS \u2713 Resoluci\u00f3n 2K+ (4MP, 2560 x 1440 p\u00edxeles) para im\u00e1genes ultra n\u00edtidas. Lente de 3.6 mm con \u00e1ngulo de<\/p>\n","protected":false},"featured_media":2015,"comment_status":"open","ping_status":"closed","template":"","meta":[],"product_brand":[137],"product_cat":[167,168],"product_tag":[142,140],"class_list":{"0":"post-1822","1":"product","2":"type-product","3":"status-publish","4":"has-post-thumbnail","6":"product_brand-imou","7":"product_cat-camaras-innalambricas","8":"product_cat-camaras-interior","9":"product_tag-imou","10":"product_tag-wifi","12":"first","13":"instock","14":"sale","15":"taxable","16":"shipping-taxable","17":"purchasable","18":"product-type-simple"},"_links":{"self":[{"href":"https:\/\/ciberdata.com.pe\/index.php\/wp-json\/wp\/v2\/product\/1822","targetHints":{"allow":["GET"]}}],"collection":[{"href":"https:\/\/ciberdata.com.pe\/index.php\/wp-json\/wp\/v2\/product"}],"about":[{"href":"https:\/\/ciberdata.com.pe\/index.php\/wp-json\/wp\/v2\/types\/product"}],"replies":[{"embeddable":true,"href":"https:\/\/ciberdata.com.pe\/index.php\/wp-json\/wp\/v2\/comments?post=1822"}],"wp:featuredmedia":[{"embeddable":true,"href":"https:\/\/ciberdata.com.pe\/index.php\/wp-json\/wp\/v2\/media\/2015"}],"wp:attachment":[{"href":"https:\/\/ciberdata.com.pe\/index.php\/wp-json\/wp\/v2\/media?parent=1822"}],"wp:term":[{"taxonomy":"product_brand","embeddable":true,"href":"https:\/\/ciberdata.com.pe\/index.php\/wp-json\/wp\/v2\/product_brand?post=1822"},{"taxonomy":"product_cat","embeddable":true,"href":"https:\/\/ciberdata.com.pe\/index.php\/wp-json\/wp\/v2\/product_cat?post=1822"},{"taxonomy":"product_tag","embeddable":true,"href":"https:\/\/ciberdata.com.pe\/index.php\/wp-json\/wp\/v2\/product_tag?post=1822"}],"curies":[{"name":"wp","href":"https:\/\/api.w.org\/{rel}","templated":true}]}}