{"id":1574,"date":"2026-01-29T11:37:22","date_gmt":"2026-01-29T16:37:22","guid":{"rendered":"https:\/\/ciberdata.com.pe\/?post_type=product&#038;p=1574"},"modified":"2026-02-23T14:35:50","modified_gmt":"2026-02-23T19:35:50","slug":"tapo-c110-3mp-2k","status":"publish","type":"product","link":"https:\/\/ciberdata.com.pe\/index.php\/producto\/tapo-c110-3mp-2k\/","title":{"rendered":"TAPO C110 3MP 2K"},"content":{"rendered":"<div class=\"wpb-content-wrapper\"><p>[vc_row][vc_column][vc_column_text css=\u00bb\u00bb woodmart_inline=\u00bbno\u00bb text_larger=\u00bbno\u00bb]<span style=\"color: #3366ff;\"><strong style=\"font-size: 28px;\"><strong>CARACTERISTICAS\u2713:\u00a0<\/strong><\/strong><\/span><\/p>\n<ul>\n<li><strong>Resoluci\u00f3n 2K (3MP \u2013 2304 \u00d7 1296)<\/strong> para im\u00e1genes m\u00e1s n\u00edtidas y detalladas que el Full HD.<\/li>\n<li><strong>Visi\u00f3n nocturna avanzada<\/strong> con alcance de hasta 9 metros, incluso en completa oscuridad.<\/li>\n<li><strong>Detecci\u00f3n de movimiento con notificaciones instant\u00e1neas<\/strong> en la app Tapo.<\/li>\n<li><strong>Alarma de luz y sonido<\/strong> para disuadir intrusos en tiempo real.<\/li>\n<li><strong>Audio bidireccional<\/strong> con micr\u00f3fono y altavoz integrados.<\/li>\n<li><strong>Almacenamiento local seguro<\/strong> en tarjeta MicroSD de hasta 512 GB<\/li>\n<li><strong>Compresi\u00f3n de video H.264\/H.265<\/strong> que optimiza espacio de almacenamiento.<\/li>\n<li><strong>F\u00e1cil configuraci\u00f3n y control remoto<\/strong> desde la aplicaci\u00f3n Tapo.<\/li>\n<li><strong>Modo privacidad<\/strong> para pausar grabaciones cuando lo necesites.<\/li>\n<li>Ideal para <strong>hogares y oficinas<\/strong>, brindando seguridad confiable y sencilla.<br \/>\n<b style=\"color: #ff0000;\"><img loading=\"lazy\" decoding=\"async\" class=\"wp-image-2330 alignright\" role=\"img\" src=\"https:\/\/ciberdata.com.pe\/wp-content\/uploads\/2026\/02\/logo-1-300x119.png\" alt=\"\" width=\"249\" height=\"99\" srcset=\"https:\/\/ciberdata.com.pe\/wp-content\/uploads\/2026\/02\/logo-1-300x119.png 300w, https:\/\/ciberdata.com.pe\/wp-content\/uploads\/2026\/02\/logo-1-150x59.png 150w, https:\/\/ciberdata.com.pe\/wp-content\/uploads\/2026\/02\/logo-1.png 646w\" sizes=\"auto, (max-width: 249px) 100vw, 249px\" \/><\/b><\/li>\n<\/ul>\n<p>[\/vc_column_text][\/vc_column][\/vc_row]<\/p>\n<\/div>","protected":false},"excerpt":{"rendered":"<p>[vc_row][vc_column][vc_column_text css=\u00bb\u00bb woodmart_inline=\u00bbno\u00bb text_larger=\u00bbno\u00bb]CARACTERISTICAS\u2713:\u00a0 Resoluci\u00f3n 2K (3MP \u2013 2304 \u00d7 1296) para im\u00e1genes m\u00e1s n\u00edtidas y detalladas que el Full<\/p>\n","protected":false},"featured_media":2142,"comment_status":"open","ping_status":"closed","template":"","meta":[],"product_brand":[179],"product_cat":[167,168],"product_tag":[180,140],"class_list":{"0":"post-1574","1":"product","2":"type-product","3":"status-publish","4":"has-post-thumbnail","6":"product_brand-tapo","7":"product_cat-camaras-innalambricas","8":"product_cat-camaras-interior","9":"product_tag-tapo","10":"product_tag-wifi","12":"first","13":"instock","14":"sale","15":"taxable","16":"shipping-taxable","17":"purchasable","18":"product-type-simple"},"_links":{"self":[{"href":"https:\/\/ciberdata.com.pe\/index.php\/wp-json\/wp\/v2\/product\/1574","targetHints":{"allow":["GET"]}}],"collection":[{"href":"https:\/\/ciberdata.com.pe\/index.php\/wp-json\/wp\/v2\/product"}],"about":[{"href":"https:\/\/ciberdata.com.pe\/index.php\/wp-json\/wp\/v2\/types\/product"}],"replies":[{"embeddable":true,"href":"https:\/\/ciberdata.com.pe\/index.php\/wp-json\/wp\/v2\/comments?post=1574"}],"wp:featuredmedia":[{"embeddable":true,"href":"https:\/\/ciberdata.com.pe\/index.php\/wp-json\/wp\/v2\/media\/2142"}],"wp:attachment":[{"href":"https:\/\/ciberdata.com.pe\/index.php\/wp-json\/wp\/v2\/media?parent=1574"}],"wp:term":[{"taxonomy":"product_brand","embeddable":true,"href":"https:\/\/ciberdata.com.pe\/index.php\/wp-json\/wp\/v2\/product_brand?post=1574"},{"taxonomy":"product_cat","embeddable":true,"href":"https:\/\/ciberdata.com.pe\/index.php\/wp-json\/wp\/v2\/product_cat?post=1574"},{"taxonomy":"product_tag","embeddable":true,"href":"https:\/\/ciberdata.com.pe\/index.php\/wp-json\/wp\/v2\/product_tag?post=1574"}],"curies":[{"name":"wp","href":"https:\/\/api.w.org\/{rel}","templated":true}]}}