{"id":1571,"date":"2026-01-29T11:30:20","date_gmt":"2026-01-29T16:30:20","guid":{"rendered":"https:\/\/ciberdata.com.pe\/?post_type=product&#038;p=1571"},"modified":"2026-02-23T12:22:39","modified_gmt":"2026-02-23T17:22:39","slug":"tapo-c100-1080p-fhd","status":"publish","type":"product","link":"https:\/\/ciberdata.com.pe\/index.php\/producto\/tapo-c100-1080p-fhd\/","title":{"rendered":"TAPO C100 1080P FHD"},"content":{"rendered":"<div class=\"wpb-content-wrapper\"><p>[vc_row][vc_column][vc_column_text css=\u00bb\u00bb woodmart_inline=\u00bbno\u00bb text_larger=\u00bbno\u00bb]<span style=\"color: #3366ff;\"><strong style=\"font-size: 28px;\"><strong>CARACTERISTICAS\u2713:\u00a0<\/strong><\/strong><\/span><\/p>\n<ul>\n<li><strong>Resoluci\u00f3n 1080p (Full HD)<\/strong> para im\u00e1genes claras y detalladas.<\/li>\n<li><strong>Visi\u00f3n nocturna avanzada<\/strong> con alcance de hasta 9 metros (30 pies).<\/li>\n<li><strong>Detecci\u00f3n de movimiento<\/strong> con notificaciones instant\u00e1neas en la app Tapo.<\/li>\n<li><strong>Alarma de luz y sonido<\/strong> para disuadir intrusos.<\/li>\n<li><strong>Audio bidireccional<\/strong> con micr\u00f3fono y altavoz integrados.<\/li>\n<li><strong>Modo privacidad personalizable<\/strong>, que permite pausar grabaciones.<\/li>\n<li><strong>Detecci\u00f3n de llanto de beb\u00e9<\/strong>, \u00fatil para vigilancia familiar.<\/li>\n<li><strong>Almacenamiento local seguro<\/strong> en tarjeta MicroSD (hasta 128 GB).<\/li>\n<li><strong>Compresi\u00f3n de video H.264\/H.265<\/strong> para optimizar espacio de almacenamiento.<\/li>\n<li><strong>Instalaci\u00f3n sencilla y gesti\u00f3n completa<\/strong> desde la aplicaci\u00f3n Tapo.<br \/>\n<b style=\"color: #ff0000;\"><img loading=\"lazy\" decoding=\"async\" class=\"wp-image-2330 alignright\" role=\"img\" src=\"https:\/\/ciberdata.com.pe\/wp-content\/uploads\/2026\/02\/logo-1-300x119.png\" alt=\"\" width=\"249\" height=\"99\" srcset=\"https:\/\/ciberdata.com.pe\/wp-content\/uploads\/2026\/02\/logo-1-300x119.png 300w, https:\/\/ciberdata.com.pe\/wp-content\/uploads\/2026\/02\/logo-1-150x59.png 150w, https:\/\/ciberdata.com.pe\/wp-content\/uploads\/2026\/02\/logo-1.png 646w\" sizes=\"auto, (max-width: 249px) 100vw, 249px\" \/><\/b><\/li>\n<\/ul>\n<p>[\/vc_column_text][\/vc_column][\/vc_row]<\/p>\n<\/div>","protected":false},"excerpt":{"rendered":"<p>[vc_row][vc_column][vc_column_text css=\u00bb\u00bb woodmart_inline=\u00bbno\u00bb text_larger=\u00bbno\u00bb]CARACTERISTICAS\u2713:\u00a0 Resoluci\u00f3n 1080p (Full HD) para im\u00e1genes claras y detalladas. Visi\u00f3n nocturna avanzada con alcance de hasta<\/p>\n","protected":false},"featured_media":2142,"comment_status":"open","ping_status":"closed","template":"","meta":[],"product_brand":[179],"product_cat":[167,168],"product_tag":[180,140],"class_list":{"0":"post-1571","1":"product","2":"type-product","3":"status-publish","4":"has-post-thumbnail","6":"product_brand-tapo","7":"product_cat-camaras-innalambricas","8":"product_cat-camaras-interior","9":"product_tag-tapo","10":"product_tag-wifi","12":"first","13":"instock","14":"sale","15":"taxable","16":"shipping-taxable","17":"purchasable","18":"product-type-simple"},"_links":{"self":[{"href":"https:\/\/ciberdata.com.pe\/index.php\/wp-json\/wp\/v2\/product\/1571","targetHints":{"allow":["GET"]}}],"collection":[{"href":"https:\/\/ciberdata.com.pe\/index.php\/wp-json\/wp\/v2\/product"}],"about":[{"href":"https:\/\/ciberdata.com.pe\/index.php\/wp-json\/wp\/v2\/types\/product"}],"replies":[{"embeddable":true,"href":"https:\/\/ciberdata.com.pe\/index.php\/wp-json\/wp\/v2\/comments?post=1571"}],"wp:featuredmedia":[{"embeddable":true,"href":"https:\/\/ciberdata.com.pe\/index.php\/wp-json\/wp\/v2\/media\/2142"}],"wp:attachment":[{"href":"https:\/\/ciberdata.com.pe\/index.php\/wp-json\/wp\/v2\/media?parent=1571"}],"wp:term":[{"taxonomy":"product_brand","embeddable":true,"href":"https:\/\/ciberdata.com.pe\/index.php\/wp-json\/wp\/v2\/product_brand?post=1571"},{"taxonomy":"product_cat","embeddable":true,"href":"https:\/\/ciberdata.com.pe\/index.php\/wp-json\/wp\/v2\/product_cat?post=1571"},{"taxonomy":"product_tag","embeddable":true,"href":"https:\/\/ciberdata.com.pe\/index.php\/wp-json\/wp\/v2\/product_tag?post=1571"}],"curies":[{"name":"wp","href":"https:\/\/api.w.org\/{rel}","templated":true}]}}