{"id":1560,"date":"2026-01-29T10:56:04","date_gmt":"2026-01-29T15:56:04","guid":{"rendered":"https:\/\/ciberdata.com.pe\/?post_type=product&#038;p=1560"},"modified":"2026-02-19T18:58:41","modified_gmt":"2026-02-19T23:58:41","slug":"ezviz-h80f-multi-4mp-2k","status":"publish","type":"product","link":"https:\/\/ciberdata.com.pe\/index.php\/producto\/ezviz-h80f-multi-4mp-2k\/","title":{"rendered":"EZVIZ H80F MULTI 4MP 2K+"},"content":{"rendered":"<div class=\"wpb-content-wrapper\"><p>[vc_row][vc_column][vc_column_text css=\u00bb\u00bb woodmart_inline=\u00bbno\u00bb text_larger=\u00bbno\u00bb]<strong style=\"color: #00ccff; font-size: 28px;\">CARACTERISTICAS \u2713<\/strong><\/p>\n<ul>\n<li>Primera c\u00e1mara exterior de <strong>triple lente 2K+<\/strong> de EZVIZ, dise\u00f1ada para m\u00e1xima seguridad.<\/li>\n<li><strong>Tres lentes de 4MP<\/strong> que capturan simult\u00e1neamente vista amplia y primeros planos.<\/li>\n<li><strong>Zoom h\u00edbrido de 12\u00d7 sin borrosidad<\/strong>, ideal para detalles a larga distancia.<\/li>\n<li>Env\u00eda <strong>alertas m\u00f3viles m\u00e1s informativas<\/strong>, acompa\u00f1adas de instant\u00e1neas dobles (visitante y veh\u00edculo).<\/li>\n<li><strong>Dos modos de patrulla autom\u00e1tica<\/strong> para cubrir \u00e1reas clave de forma continua.<\/li>\n<li><b style=\"color: #ff0000;\"><img loading=\"lazy\" decoding=\"async\" class=\"wp-image-2283 alignright\" role=\"img\" src=\"https:\/\/ciberdata.com.pe\/wp-content\/uploads\/2026\/02\/LOGO-EZVIZ-300x76.png\" alt=\"\" width=\"267\" height=\"68\" srcset=\"https:\/\/ciberdata.com.pe\/wp-content\/uploads\/2026\/02\/LOGO-EZVIZ-300x76.png 300w, https:\/\/ciberdata.com.pe\/wp-content\/uploads\/2026\/02\/LOGO-EZVIZ-1024x260.png 1024w, https:\/\/ciberdata.com.pe\/wp-content\/uploads\/2026\/02\/LOGO-EZVIZ-768x195.png 768w, https:\/\/ciberdata.com.pe\/wp-content\/uploads\/2026\/02\/LOGO-EZVIZ-1536x391.png 1536w, https:\/\/ciberdata.com.pe\/wp-content\/uploads\/2026\/02\/LOGO-EZVIZ-2048x521.png 2048w, https:\/\/ciberdata.com.pe\/wp-content\/uploads\/2026\/02\/LOGO-EZVIZ-1200x305.png 1200w, https:\/\/ciberdata.com.pe\/wp-content\/uploads\/2026\/02\/LOGO-EZVIZ-150x38.png 150w\" sizes=\"auto, (max-width: 267px) 100vw, 267px\" \/><\/b><strong>Funci\u00f3n de retorno con un clic<\/strong> a direcciones y niveles de zoom preestablecidos.<\/li>\n<li><strong>Defensa activa<\/strong> con sirena y luz estrobosc\u00f3pica para disuadir intrusos.<\/li>\n<li><strong>Dise\u00f1o resistente IP67<\/strong>, preparado para condiciones exteriores exigentes.<\/li>\n<\/ul>\n<p>[\/vc_column_text][\/vc_column][\/vc_row]<\/p>\n<\/div>","protected":false},"excerpt":{"rendered":"<p>[vc_row][vc_column][vc_column_text css=\u00bb\u00bb woodmart_inline=\u00bbno\u00bb text_larger=\u00bbno\u00bb]CARACTERISTICAS \u2713 Primera c\u00e1mara exterior de triple lente 2K+ de EZVIZ, dise\u00f1ada para m\u00e1xima seguridad. Tres lentes<\/p>\n","protected":false},"featured_media":1930,"comment_status":"open","ping_status":"closed","template":"","meta":[],"product_brand":[135],"product_cat":[167,169],"product_tag":[],"class_list":{"0":"post-1560","1":"product","2":"type-product","3":"status-publish","4":"has-post-thumbnail","6":"product_brand-ezviz","7":"product_cat-camaras-innalambricas","8":"product_cat-camaras-exterior","10":"first","11":"instock","12":"sale","13":"taxable","14":"shipping-taxable","15":"purchasable","16":"product-type-simple"},"_links":{"self":[{"href":"https:\/\/ciberdata.com.pe\/index.php\/wp-json\/wp\/v2\/product\/1560","targetHints":{"allow":["GET"]}}],"collection":[{"href":"https:\/\/ciberdata.com.pe\/index.php\/wp-json\/wp\/v2\/product"}],"about":[{"href":"https:\/\/ciberdata.com.pe\/index.php\/wp-json\/wp\/v2\/types\/product"}],"replies":[{"embeddable":true,"href":"https:\/\/ciberdata.com.pe\/index.php\/wp-json\/wp\/v2\/comments?post=1560"}],"wp:featuredmedia":[{"embeddable":true,"href":"https:\/\/ciberdata.com.pe\/index.php\/wp-json\/wp\/v2\/media\/1930"}],"wp:attachment":[{"href":"https:\/\/ciberdata.com.pe\/index.php\/wp-json\/wp\/v2\/media?parent=1560"}],"wp:term":[{"taxonomy":"product_brand","embeddable":true,"href":"https:\/\/ciberdata.com.pe\/index.php\/wp-json\/wp\/v2\/product_brand?post=1560"},{"taxonomy":"product_cat","embeddable":true,"href":"https:\/\/ciberdata.com.pe\/index.php\/wp-json\/wp\/v2\/product_cat?post=1560"},{"taxonomy":"product_tag","embeddable":true,"href":"https:\/\/ciberdata.com.pe\/index.php\/wp-json\/wp\/v2\/product_tag?post=1560"}],"curies":[{"name":"wp","href":"https:\/\/api.w.org\/{rel}","templated":true}]}}