{"id":1518,"date":"2026-01-28T14:15:24","date_gmt":"2026-01-28T19:15:24","guid":{"rendered":"https:\/\/ciberdata.com.pe\/?post_type=product&#038;p=1518"},"modified":"2026-02-23T12:29:46","modified_gmt":"2026-02-23T17:29:46","slug":"tapo-int-c200c","status":"publish","type":"product","link":"https:\/\/ciberdata.com.pe\/index.php\/producto\/tapo-int-c200c\/","title":{"rendered":"TAPO C200C 1080P FHD"},"content":{"rendered":"<div class=\"wpb-content-wrapper\"><p>[vc_row][vc_column][vc_column_text css=\u00bb\u00bb woodmart_inline=\u00bbno\u00bb text_larger=\u00bbno\u00bb]<span style=\"color: #3366ff;\"><strong style=\"font-size: 28px;\"><strong>CARACTERISTICAS\u2713:\u00a0<\/strong><\/strong><\/span><\/p>\n<ul>\n<li><strong>Resoluci\u00f3n 1080p (Full HD)<\/strong> para im\u00e1genes claras y detalladas.<\/li>\n<li><strong>Cobertura panor\u00e1mica<\/strong> con movimiento horizontal de 360\u00b0 y vertical de 114\u00b0.<\/li>\n<li><strong>Visi\u00f3n nocturna avanzada<\/strong> con alcance de hasta 12 metros.<\/li>\n<li><strong>Seguimiento inteligente de movimiento<\/strong>, que enfoca autom\u00e1ticamente la actividad detectada.<\/li>\n<li><strong>Detecci\u00f3n por IA<\/strong> con alertas instant\u00e1neas al m\u00f3vil.<\/li>\n<li><strong>Audio bidireccional<\/strong> con micr\u00f3fono y altavoz integrados.<\/li>\n<li><strong>Zoom digital hasta 9x<\/strong>, para observar detalles con mayor precisi\u00f3n.<\/li>\n<li><strong>Alarma de luz y sonido<\/strong> para disuadir intrusos.<\/li>\n<li><strong>Almacenamiento local seguro<\/strong> en tarjeta MicroSD de hasta 256 GB.<\/li>\n<li><strong>Gesti\u00f3n remota sencilla<\/strong> mediante la aplicaci\u00f3n Tapo, compatible con asistentes de voz.<br \/>\n<b style=\"color: #ff0000;\"><img loading=\"lazy\" decoding=\"async\" class=\"wp-image-2330 alignright\" role=\"img\" src=\"https:\/\/ciberdata.com.pe\/wp-content\/uploads\/2026\/02\/logo-1-300x119.png\" alt=\"\" width=\"249\" height=\"99\" srcset=\"https:\/\/ciberdata.com.pe\/wp-content\/uploads\/2026\/02\/logo-1-300x119.png 300w, https:\/\/ciberdata.com.pe\/wp-content\/uploads\/2026\/02\/logo-1-150x59.png 150w, https:\/\/ciberdata.com.pe\/wp-content\/uploads\/2026\/02\/logo-1.png 646w\" sizes=\"auto, (max-width: 249px) 100vw, 249px\" \/><\/b><\/li>\n<\/ul>\n<p>[\/vc_column_text][\/vc_column][\/vc_row]<\/p>\n<\/div>","protected":false},"excerpt":{"rendered":"<p>[vc_row][vc_column][vc_column_text css=\u00bb\u00bb woodmart_inline=\u00bbno\u00bb text_larger=\u00bbno\u00bb]CARACTERISTICAS\u2713:\u00a0 Resoluci\u00f3n 1080p (Full HD) para im\u00e1genes claras y detalladas. Cobertura panor\u00e1mica con movimiento horizontal de 360\u00b0<\/p>\n","protected":false},"featured_media":2143,"comment_status":"open","ping_status":"closed","template":"","meta":[],"product_brand":[179],"product_cat":[167,168],"product_tag":[180,140],"class_list":{"0":"post-1518","1":"product","2":"type-product","3":"status-publish","4":"has-post-thumbnail","6":"product_brand-tapo","7":"product_cat-camaras-innalambricas","8":"product_cat-camaras-interior","9":"product_tag-tapo","10":"product_tag-wifi","12":"first","13":"instock","14":"sale","15":"taxable","16":"shipping-taxable","17":"purchasable","18":"product-type-simple"},"_links":{"self":[{"href":"https:\/\/ciberdata.com.pe\/index.php\/wp-json\/wp\/v2\/product\/1518","targetHints":{"allow":["GET"]}}],"collection":[{"href":"https:\/\/ciberdata.com.pe\/index.php\/wp-json\/wp\/v2\/product"}],"about":[{"href":"https:\/\/ciberdata.com.pe\/index.php\/wp-json\/wp\/v2\/types\/product"}],"replies":[{"embeddable":true,"href":"https:\/\/ciberdata.com.pe\/index.php\/wp-json\/wp\/v2\/comments?post=1518"}],"wp:featuredmedia":[{"embeddable":true,"href":"https:\/\/ciberdata.com.pe\/index.php\/wp-json\/wp\/v2\/media\/2143"}],"wp:attachment":[{"href":"https:\/\/ciberdata.com.pe\/index.php\/wp-json\/wp\/v2\/media?parent=1518"}],"wp:term":[{"taxonomy":"product_brand","embeddable":true,"href":"https:\/\/ciberdata.com.pe\/index.php\/wp-json\/wp\/v2\/product_brand?post=1518"},{"taxonomy":"product_cat","embeddable":true,"href":"https:\/\/ciberdata.com.pe\/index.php\/wp-json\/wp\/v2\/product_cat?post=1518"},{"taxonomy":"product_tag","embeddable":true,"href":"https:\/\/ciberdata.com.pe\/index.php\/wp-json\/wp\/v2\/product_tag?post=1518"}],"curies":[{"name":"wp","href":"https:\/\/api.w.org\/{rel}","templated":true}]}}