{"id":1475,"date":"2026-01-27T19:32:30","date_gmt":"2026-01-28T00:32:30","guid":{"rendered":"https:\/\/ciberdata.com.pe\/?post_type=product&#038;p=1475"},"modified":"2026-02-24T11:32:45","modified_gmt":"2026-02-24T16:32:45","slug":"tapo-int-c211-3mp-2k-negro","status":"publish","type":"product","link":"https:\/\/ciberdata.com.pe\/index.php\/producto\/tapo-int-c211-3mp-2k-negro\/","title":{"rendered":"TAPO C230 5MP 3K"},"content":{"rendered":"<div class=\"wpb-content-wrapper\"><p>[vc_row][vc_column][vc_column_text woodmart_inline=\u00bbno\u00bb text_larger=\u00bbno\u00bb]<span style=\"color: #3366ff;\"><strong style=\"font-size: 28px;\"><strong>CARACTERISTICAS\u2713:\u00a0<\/strong><\/strong><\/span><\/p>\n<ul>\n<li>Resoluci\u00f3n 3K 5MP: Im\u00e1genes y videos con m\u00e1xima nitidez y detalle.<\/li>\n<li>Cobertura total: Movimiento panor\u00e1mico de 360\u00b0 horizontal y 114\u00b0 vertical para vigilancia sin puntos ciegos.<\/li>\n<li>Visi\u00f3n nocturna avanzada: Alcance de hasta 12 metros (40 pies) en condiciones de baja iluminaci\u00f3n.<\/li>\n<li>Detecci\u00f3n inteligente con IA: Reconoce eventos relevantes y env\u00eda notificaciones instant\u00e1neas.<\/li>\n<li>Alarma de luz y sonido: Disuasi\u00f3n activa contra intrusos mediante efectos visuales y auditivos.<\/li>\n<li>Audio bidireccional: Comunicaci\u00f3n clara gracias al micr\u00f3fono y altavoz integrados.<\/li>\n<li>Instalaci\u00f3n sencilla: Conexi\u00f3n Wi-Fi y control remoto desde la aplicaci\u00f3n Tapo.<\/li>\n<li>Almacenamiento flexible: Compatible con tarjeta microSD y con servicio de nube Tapo Care.<\/li>\n<\/ul>\n<p><b style=\"color: #ff0000;\"><img loading=\"lazy\" decoding=\"async\" class=\"wp-image-2330 alignright\" role=\"img\" src=\"https:\/\/ciberdata.com.pe\/wp-content\/uploads\/2026\/02\/logo-1-300x119.png\" alt=\"\" width=\"181\" height=\"72\" srcset=\"https:\/\/ciberdata.com.pe\/wp-content\/uploads\/2026\/02\/logo-1-300x119.png 300w, https:\/\/ciberdata.com.pe\/wp-content\/uploads\/2026\/02\/logo-1-150x59.png 150w, https:\/\/ciberdata.com.pe\/wp-content\/uploads\/2026\/02\/logo-1.png 646w\" sizes=\"auto, (max-width: 181px) 100vw, 181px\" \/><\/b><\/p>\n<p>[\/vc_column_text][\/vc_column][\/vc_row]<\/p>\n<\/div>","protected":false},"excerpt":{"rendered":"<p>[vc_row][vc_column][vc_column_text woodmart_inline=\u00bbno\u00bb text_larger=\u00bbno\u00bb]CARACTERISTICAS\u2713:\u00a0 Resoluci\u00f3n 3K 5MP: Im\u00e1genes y videos con m\u00e1xima nitidez y detalle. Cobertura total: Movimiento panor\u00e1mico de 360\u00b0<\/p>\n","protected":false},"featured_media":2149,"comment_status":"open","ping_status":"closed","template":"","meta":[],"product_brand":[179],"product_cat":[167,168],"product_tag":[180,140],"class_list":{"0":"post-1475","1":"product","2":"type-product","3":"status-publish","4":"has-post-thumbnail","6":"product_brand-tapo","7":"product_cat-camaras-innalambricas","8":"product_cat-camaras-interior","9":"product_tag-tapo","10":"product_tag-wifi","12":"first","13":"instock","14":"sale","15":"taxable","16":"shipping-taxable","17":"purchasable","18":"product-type-simple"},"_links":{"self":[{"href":"https:\/\/ciberdata.com.pe\/index.php\/wp-json\/wp\/v2\/product\/1475","targetHints":{"allow":["GET"]}}],"collection":[{"href":"https:\/\/ciberdata.com.pe\/index.php\/wp-json\/wp\/v2\/product"}],"about":[{"href":"https:\/\/ciberdata.com.pe\/index.php\/wp-json\/wp\/v2\/types\/product"}],"replies":[{"embeddable":true,"href":"https:\/\/ciberdata.com.pe\/index.php\/wp-json\/wp\/v2\/comments?post=1475"}],"wp:featuredmedia":[{"embeddable":true,"href":"https:\/\/ciberdata.com.pe\/index.php\/wp-json\/wp\/v2\/media\/2149"}],"wp:attachment":[{"href":"https:\/\/ciberdata.com.pe\/index.php\/wp-json\/wp\/v2\/media?parent=1475"}],"wp:term":[{"taxonomy":"product_brand","embeddable":true,"href":"https:\/\/ciberdata.com.pe\/index.php\/wp-json\/wp\/v2\/product_brand?post=1475"},{"taxonomy":"product_cat","embeddable":true,"href":"https:\/\/ciberdata.com.pe\/index.php\/wp-json\/wp\/v2\/product_cat?post=1475"},{"taxonomy":"product_tag","embeddable":true,"href":"https:\/\/ciberdata.com.pe\/index.php\/wp-json\/wp\/v2\/product_tag?post=1475"}],"curies":[{"name":"wp","href":"https:\/\/api.w.org\/{rel}","templated":true}]}}