{"id":1460,"date":"2026-01-27T16:53:55","date_gmt":"2026-01-27T21:53:55","guid":{"rendered":"https:\/\/ciberdata.com.pe\/?post_type=product&#038;p=1460"},"modified":"2026-04-21T18:20:29","modified_gmt":"2026-04-21T23:20:29","slug":"h6c-pro-3mp-2k","status":"publish","type":"product","link":"https:\/\/ciberdata.com.pe\/index.php\/producto\/h6c-pro-3mp-2k\/","title":{"rendered":"EZVIZ H6C PRO 3MP 2K"},"content":{"rendered":"<div class=\"wpb-content-wrapper\"><p>[vc_row][vc_column][vc_column_text css=\u00bb\u00bb woodmart_inline=\u00bbno\u00bb text_larger=\u00bbno\u00bb]<\/p>\n<h1><span style=\"color: #00ccff;\"><strong>CARACTERISTICAS \u2713<\/strong><\/span><\/h1>\n<ul>\n<li>C\u00e1mara IP WiFi interior con resoluci\u00f3n <strong>2K (3MP Ultra HD)<\/strong>.<\/li>\n<li>Funci\u00f3n de <strong>paneo e inclinaci\u00f3n<\/strong> para cubrir cada rinc\u00f3n de la habitaci\u00f3n.<\/li>\n<li><strong>Modo patrullaje autom\u00e1tico<\/strong>, que recorre \u00e1reas predefinidas para mayor seguridad.<\/li>\n<li><strong>Visi\u00f3n nocturna inteligente a color<\/strong>, incluso en condiciones de baja luz.<\/li>\n<li><strong>Detecci\u00f3n de figura humana<\/strong> mediante inteligencia artificial, reduciendo falsas alarmas.<\/li>\n<li><strong>Seguimiento autom\u00e1tico<\/strong> de personas en movimiento.<\/li>\n<li><b style=\"color: #ff0000;\"><img loading=\"lazy\" decoding=\"async\" class=\"wp-image-2283 alignright\" role=\"img\" src=\"https:\/\/ciberdata.com.pe\/wp-content\/uploads\/2026\/02\/LOGO-EZVIZ-300x76.png\" alt=\"\" width=\"267\" height=\"68\" srcset=\"https:\/\/ciberdata.com.pe\/wp-content\/uploads\/2026\/02\/LOGO-EZVIZ-300x76.png 300w, https:\/\/ciberdata.com.pe\/wp-content\/uploads\/2026\/02\/LOGO-EZVIZ-1024x260.png 1024w, https:\/\/ciberdata.com.pe\/wp-content\/uploads\/2026\/02\/LOGO-EZVIZ-768x195.png 768w, https:\/\/ciberdata.com.pe\/wp-content\/uploads\/2026\/02\/LOGO-EZVIZ-1536x391.png 1536w, https:\/\/ciberdata.com.pe\/wp-content\/uploads\/2026\/02\/LOGO-EZVIZ-2048x521.png 2048w, https:\/\/ciberdata.com.pe\/wp-content\/uploads\/2026\/02\/LOGO-EZVIZ-1200x305.png 1200w, https:\/\/ciberdata.com.pe\/wp-content\/uploads\/2026\/02\/LOGO-EZVIZ-150x38.png 150w\" sizes=\"auto, (max-width: 267px) 100vw, 267px\" \/><\/b><strong>Detecci\u00f3n de ruidos fuertes<\/strong>, alertando de eventos inesperados.<\/li>\n<li><strong>Comunicaci\u00f3n bidireccional<\/strong> con micr\u00f3fono y altavoz integrados.<\/li>\n<li>Bot\u00f3n t\u00e1ctil de <strong>llamada r\u00e1pida<\/strong>, para estar siempre conectado con la familia.<\/li>\n<\/ul>\n<p>[\/vc_column_text][\/vc_column][\/vc_row]<\/p>\n<\/div>","protected":false},"excerpt":{"rendered":"<p>[vc_row][vc_column][vc_column_text css=\u00bb\u00bb woodmart_inline=\u00bbno\u00bb text_larger=\u00bbno\u00bb] CARACTERISTICAS \u2713 C\u00e1mara IP WiFi interior con resoluci\u00f3n 2K (3MP Ultra HD). Funci\u00f3n de paneo e<\/p>\n","protected":false},"featured_media":1915,"comment_status":"open","ping_status":"closed","template":"","meta":[],"product_brand":[135],"product_cat":[97,167,168],"product_tag":[141,195,140],"class_list":{"0":"post-1460","1":"product","2":"type-product","3":"status-publish","4":"has-post-thumbnail","6":"product_brand-ezviz","7":"product_cat-accessories","8":"product_cat-camaras-innalambricas","9":"product_cat-camaras-interior","10":"product_tag-ezviz","11":"product_tag-ofertas","12":"product_tag-wifi","14":"first","15":"instock","16":"sale","17":"taxable","18":"shipping-taxable","19":"purchasable","20":"product-type-simple"},"_links":{"self":[{"href":"https:\/\/ciberdata.com.pe\/index.php\/wp-json\/wp\/v2\/product\/1460","targetHints":{"allow":["GET"]}}],"collection":[{"href":"https:\/\/ciberdata.com.pe\/index.php\/wp-json\/wp\/v2\/product"}],"about":[{"href":"https:\/\/ciberdata.com.pe\/index.php\/wp-json\/wp\/v2\/types\/product"}],"replies":[{"embeddable":true,"href":"https:\/\/ciberdata.com.pe\/index.php\/wp-json\/wp\/v2\/comments?post=1460"}],"wp:featuredmedia":[{"embeddable":true,"href":"https:\/\/ciberdata.com.pe\/index.php\/wp-json\/wp\/v2\/media\/1915"}],"wp:attachment":[{"href":"https:\/\/ciberdata.com.pe\/index.php\/wp-json\/wp\/v2\/media?parent=1460"}],"wp:term":[{"taxonomy":"product_brand","embeddable":true,"href":"https:\/\/ciberdata.com.pe\/index.php\/wp-json\/wp\/v2\/product_brand?post=1460"},{"taxonomy":"product_cat","embeddable":true,"href":"https:\/\/ciberdata.com.pe\/index.php\/wp-json\/wp\/v2\/product_cat?post=1460"},{"taxonomy":"product_tag","embeddable":true,"href":"https:\/\/ciberdata.com.pe\/index.php\/wp-json\/wp\/v2\/product_tag?post=1460"}],"curies":[{"name":"wp","href":"https:\/\/api.w.org\/{rel}","templated":true}]}}