{"id":1450,"date":"2026-01-27T14:46:44","date_gmt":"2026-01-27T19:46:44","guid":{"rendered":"https:\/\/ciberdata.com.pe\/?post_type=product&#038;p=1450"},"modified":"2026-02-19T18:15:33","modified_gmt":"2026-02-19T23:15:33","slug":"ezviz-cb2-1080p-white","status":"publish","type":"product","link":"https:\/\/ciberdata.com.pe\/index.php\/producto\/ezviz-cb2-1080p-white\/","title":{"rendered":"EZVIZ CB2 1080P WHITE"},"content":{"rendered":"<p><strong style=\"color: #00ccff; font-size: 28px;\">CARACTERISTICAS \u2713<\/strong><\/p>\n<ul>\n<li>Resoluci\u00f3n <strong>Full HD 1080p<\/strong> para im\u00e1genes claras y detalladas.<\/li>\n<li><strong>Dise\u00f1o compacto y elegante<\/strong>, pensado para combinar con la decoraci\u00f3n del hogar.<\/li>\n<li><strong>Bater\u00eda recargable de 2000 mAh<\/strong>, con autonom\u00eda de hasta 50 d\u00edas.<\/li>\n<li><strong>Base magn\u00e9tica desmontable<\/strong>, f\u00e1cil de instalar en cualquier superficie.<\/li>\n<li><strong>Visi\u00f3n nocturna por infrarrojos<\/strong> con alcance de hasta 5 metros.<\/li>\n<li><strong>Detecci\u00f3n inteligente de movimiento humano<\/strong> para reducir falsas alarmas.<\/li>\n<li><b style=\"color: #ff0000;\"><img loading=\"lazy\" decoding=\"async\" class=\"wp-image-2283 alignright\" role=\"img\" src=\"https:\/\/ciberdata.com.pe\/wp-content\/uploads\/2026\/02\/LOGO-EZVIZ-300x76.png\" alt=\"\" width=\"267\" height=\"68\" srcset=\"https:\/\/ciberdata.com.pe\/wp-content\/uploads\/2026\/02\/LOGO-EZVIZ-300x76.png 300w, https:\/\/ciberdata.com.pe\/wp-content\/uploads\/2026\/02\/LOGO-EZVIZ-1024x260.png 1024w, https:\/\/ciberdata.com.pe\/wp-content\/uploads\/2026\/02\/LOGO-EZVIZ-768x195.png 768w, https:\/\/ciberdata.com.pe\/wp-content\/uploads\/2026\/02\/LOGO-EZVIZ-1536x391.png 1536w, https:\/\/ciberdata.com.pe\/wp-content\/uploads\/2026\/02\/LOGO-EZVIZ-2048x521.png 2048w, https:\/\/ciberdata.com.pe\/wp-content\/uploads\/2026\/02\/LOGO-EZVIZ-1200x305.png 1200w, https:\/\/ciberdata.com.pe\/wp-content\/uploads\/2026\/02\/LOGO-EZVIZ-150x38.png 150w\" sizes=\"auto, (max-width: 267px) 100vw, 267px\" \/><\/b><strong>Audio bidireccional<\/strong> con micr\u00f3fono y altavoz integrados.<\/li>\n<li><strong>Compatibilidad con asistentes de voz<\/strong> como Google Assistant y Amazon Alexa.<\/li>\n<li>Conexi\u00f3n <strong>Wi-Fi<\/strong> estable y compresi\u00f3n de video H.265\/H.264 para mejor rendimiento.<\/li>\n<\/ul>\n","protected":false},"excerpt":{"rendered":"<p>CARACTERISTICAS \u2713 Resoluci\u00f3n Full HD 1080p para im\u00e1genes claras y detalladas. Dise\u00f1o compacto y elegante, pensado para combinar con la<\/p>\n","protected":false},"featured_media":1925,"comment_status":"open","ping_status":"closed","template":"","meta":[],"product_brand":[135],"product_cat":[170,167,168],"product_tag":[141,140],"class_list":{"0":"post-1450","1":"product","2":"type-product","3":"status-publish","4":"has-post-thumbnail","6":"product_brand-ezviz","7":"product_cat-camaras-con-bateria-y-panel-solar","8":"product_cat-camaras-innalambricas","9":"product_cat-camaras-interior","10":"product_tag-ezviz","11":"product_tag-wifi","13":"first","14":"instock","15":"sale","16":"taxable","17":"shipping-taxable","18":"purchasable","19":"product-type-simple"},"_links":{"self":[{"href":"https:\/\/ciberdata.com.pe\/index.php\/wp-json\/wp\/v2\/product\/1450","targetHints":{"allow":["GET"]}}],"collection":[{"href":"https:\/\/ciberdata.com.pe\/index.php\/wp-json\/wp\/v2\/product"}],"about":[{"href":"https:\/\/ciberdata.com.pe\/index.php\/wp-json\/wp\/v2\/types\/product"}],"replies":[{"embeddable":true,"href":"https:\/\/ciberdata.com.pe\/index.php\/wp-json\/wp\/v2\/comments?post=1450"}],"wp:featuredmedia":[{"embeddable":true,"href":"https:\/\/ciberdata.com.pe\/index.php\/wp-json\/wp\/v2\/media\/1925"}],"wp:attachment":[{"href":"https:\/\/ciberdata.com.pe\/index.php\/wp-json\/wp\/v2\/media?parent=1450"}],"wp:term":[{"taxonomy":"product_brand","embeddable":true,"href":"https:\/\/ciberdata.com.pe\/index.php\/wp-json\/wp\/v2\/product_brand?post=1450"},{"taxonomy":"product_cat","embeddable":true,"href":"https:\/\/ciberdata.com.pe\/index.php\/wp-json\/wp\/v2\/product_cat?post=1450"},{"taxonomy":"product_tag","embeddable":true,"href":"https:\/\/ciberdata.com.pe\/index.php\/wp-json\/wp\/v2\/product_tag?post=1450"}],"curies":[{"name":"wp","href":"https:\/\/api.w.org\/{rel}","templated":true}]}}