{"id":1368,"date":"2026-01-24T21:46:45","date_gmt":"2026-01-24T20:46:45","guid":{"rendered":"https:\/\/ciberdata.com.pe\/?post_type=product&#038;p=1368"},"modified":"2026-04-09T14:22:43","modified_gmt":"2026-04-09T19:22:43","slug":"ezviz-h6c-pro-4mp-2k","status":"publish","type":"product","link":"https:\/\/ciberdata.com.pe\/index.php\/producto\/ezviz-h6c-pro-4mp-2k\/","title":{"rendered":"EZVIZ H6C PRO 4MP 2K+"},"content":{"rendered":"<h1><span style=\"color: #00ccff;\"><strong>CARACTERISTICAS \u2713<\/strong><\/span><\/h1>\n<ul>\n<li>Resoluci\u00f3n <strong>QHD 2K+ (2560 \u00d7 1440, 4MP)<\/strong> para im\u00e1genes m\u00e1s n\u00edtidas que Full HD.<\/li>\n<li><strong>Rotaci\u00f3n panor\u00e1mica de 360\u00b0<\/strong> con paneo e inclinaci\u00f3n para cubrir toda la habitaci\u00f3n.<\/li>\n<li><strong>Modo patrullaje\/inspecci\u00f3n<\/strong> que recorre \u00e1reas predefinidas autom\u00e1ticamente.<\/li>\n<li><strong>Detecci\u00f3n inteligente de personas<\/strong> y seguimiento autom\u00e1tico de movimiento.<\/li>\n<li><strong>Visi\u00f3n nocturna en color<\/strong> para vigilancia incluso en la oscuridad.<\/li>\n<li><strong>Detecci\u00f3n de ruidos fuertes<\/strong> que activa alertas inmediatas.<\/li>\n<li><b style=\"color: #ff0000;\"><img loading=\"lazy\" decoding=\"async\" class=\"wp-image-2283 alignright\" role=\"img\" src=\"https:\/\/ciberdata.com.pe\/wp-content\/uploads\/2026\/02\/LOGO-EZVIZ-300x76.png\" alt=\"\" width=\"267\" height=\"68\" srcset=\"https:\/\/ciberdata.com.pe\/wp-content\/uploads\/2026\/02\/LOGO-EZVIZ-300x76.png 300w, https:\/\/ciberdata.com.pe\/wp-content\/uploads\/2026\/02\/LOGO-EZVIZ-1024x260.png 1024w, https:\/\/ciberdata.com.pe\/wp-content\/uploads\/2026\/02\/LOGO-EZVIZ-768x195.png 768w, https:\/\/ciberdata.com.pe\/wp-content\/uploads\/2026\/02\/LOGO-EZVIZ-1536x391.png 1536w, https:\/\/ciberdata.com.pe\/wp-content\/uploads\/2026\/02\/LOGO-EZVIZ-2048x521.png 2048w, https:\/\/ciberdata.com.pe\/wp-content\/uploads\/2026\/02\/LOGO-EZVIZ-1200x305.png 1200w, https:\/\/ciberdata.com.pe\/wp-content\/uploads\/2026\/02\/LOGO-EZVIZ-150x38.png 150w\" sizes=\"auto, (max-width: 267px) 100vw, 267px\" \/><\/b><strong>Audio bidireccional<\/strong> con micr\u00f3fono y altavoz integrados.<\/li>\n<li><strong>Bot\u00f3n t\u00e1ctil de llamada<\/strong> para comunicaci\u00f3n r\u00e1pida con la familia.<\/li>\n<li>Conectividad <strong>Wi-Fi<\/strong> estable y almacenamiento en tarjeta MicroSD hasta 256gb<\/li>\n<\/ul>\n","protected":false},"excerpt":{"rendered":"<p>CARACTERISTICAS \u2713 Resoluci\u00f3n QHD 2K+ (2560 \u00d7 1440, 4MP) para im\u00e1genes m\u00e1s n\u00edtidas que Full HD. Rotaci\u00f3n panor\u00e1mica de 360\u00b0<\/p>\n","protected":false},"featured_media":1915,"comment_status":"open","ping_status":"closed","template":"","meta":[],"product_brand":[135],"product_cat":[167,168],"product_tag":[141,140],"class_list":{"0":"post-1368","1":"product","2":"type-product","3":"status-publish","4":"has-post-thumbnail","6":"product_brand-ezviz","7":"product_cat-camaras-innalambricas","8":"product_cat-camaras-interior","9":"product_tag-ezviz","10":"product_tag-wifi","12":"first","13":"instock","14":"sale","15":"taxable","16":"shipping-taxable","17":"purchasable","18":"product-type-simple"},"_links":{"self":[{"href":"https:\/\/ciberdata.com.pe\/index.php\/wp-json\/wp\/v2\/product\/1368","targetHints":{"allow":["GET"]}}],"collection":[{"href":"https:\/\/ciberdata.com.pe\/index.php\/wp-json\/wp\/v2\/product"}],"about":[{"href":"https:\/\/ciberdata.com.pe\/index.php\/wp-json\/wp\/v2\/types\/product"}],"replies":[{"embeddable":true,"href":"https:\/\/ciberdata.com.pe\/index.php\/wp-json\/wp\/v2\/comments?post=1368"}],"wp:featuredmedia":[{"embeddable":true,"href":"https:\/\/ciberdata.com.pe\/index.php\/wp-json\/wp\/v2\/media\/1915"}],"wp:attachment":[{"href":"https:\/\/ciberdata.com.pe\/index.php\/wp-json\/wp\/v2\/media?parent=1368"}],"wp:term":[{"taxonomy":"product_brand","embeddable":true,"href":"https:\/\/ciberdata.com.pe\/index.php\/wp-json\/wp\/v2\/product_brand?post=1368"},{"taxonomy":"product_cat","embeddable":true,"href":"https:\/\/ciberdata.com.pe\/index.php\/wp-json\/wp\/v2\/product_cat?post=1368"},{"taxonomy":"product_tag","embeddable":true,"href":"https:\/\/ciberdata.com.pe\/index.php\/wp-json\/wp\/v2\/product_tag?post=1368"}],"curies":[{"name":"wp","href":"https:\/\/api.w.org\/{rel}","templated":true}]}}