{"id":1366,"date":"2026-01-24T21:41:27","date_gmt":"2026-01-24T20:41:27","guid":{"rendered":"https:\/\/ciberdata.com.pe\/?post_type=product&#038;p=1366"},"modified":"2026-04-09T14:24:25","modified_gmt":"2026-04-09T19:24:25","slug":"ezviz-h6c-pro-1080p-fhd","status":"publish","type":"product","link":"https:\/\/ciberdata.com.pe\/index.php\/producto\/ezviz-h6c-pro-1080p-fhd\/","title":{"rendered":"EZVIZ H6C PRO 1080P FHD"},"content":{"rendered":"<h1><span style=\"color: #00ccff;\"><strong>CARACTERISTICAS \u2713<\/strong><\/span><\/h1>\n<ul>\n<li>C\u00e1mara IP WiFi interior con resoluci\u00f3n <strong>Full HD 1080p (2MP)<\/strong>.<\/li>\n<li>Funci\u00f3n de <strong>paneo e inclinaci\u00f3n (PT 360\u00b0)<\/strong> para cubrir toda la habitaci\u00f3n.<\/li>\n<li><strong>Visi\u00f3n panor\u00e1mica<\/strong> con \u00e1ngulo de visi\u00f3n de hasta 90\u00b0 diagonal.<\/li>\n<li><strong>Visi\u00f3n nocturna a color <\/strong>de hasta 10 metros.<\/li>\n<li><strong>Detecci\u00f3n inteligente de movimiento humano<\/strong>, reduciendo falsas alarmas.<\/li>\n<li><strong>Seguimiento autom\u00e1tico<\/strong> de personas en movimiento.<\/li>\n<li><b style=\"color: #ff0000;\"><img loading=\"lazy\" decoding=\"async\" class=\"wp-image-2283 alignright\" role=\"img\" src=\"https:\/\/ciberdata.com.pe\/wp-content\/uploads\/2026\/02\/LOGO-EZVIZ-300x76.png\" alt=\"\" width=\"267\" height=\"68\" srcset=\"https:\/\/ciberdata.com.pe\/wp-content\/uploads\/2026\/02\/LOGO-EZVIZ-300x76.png 300w, https:\/\/ciberdata.com.pe\/wp-content\/uploads\/2026\/02\/LOGO-EZVIZ-1024x260.png 1024w, https:\/\/ciberdata.com.pe\/wp-content\/uploads\/2026\/02\/LOGO-EZVIZ-768x195.png 768w, https:\/\/ciberdata.com.pe\/wp-content\/uploads\/2026\/02\/LOGO-EZVIZ-1536x391.png 1536w, https:\/\/ciberdata.com.pe\/wp-content\/uploads\/2026\/02\/LOGO-EZVIZ-2048x521.png 2048w, https:\/\/ciberdata.com.pe\/wp-content\/uploads\/2026\/02\/LOGO-EZVIZ-1200x305.png 1200w, https:\/\/ciberdata.com.pe\/wp-content\/uploads\/2026\/02\/LOGO-EZVIZ-150x38.png 150w\" sizes=\"auto, (max-width: 267px) 100vw, 267px\" \/><\/b><strong>Detecci\u00f3n de ruidos fuertes<\/strong>, alertando de eventos inesperados.<\/li>\n<li><strong>Comunicaci\u00f3n bidireccional<\/strong> con micr\u00f3fono y altavoz integrados.<\/li>\n<li>Soporta <strong>tarjeta MicroSD hasta 256 GB<\/strong> y almacenamiento en la nube <strong>EZVIZ CloudPlay<\/strong>.<\/li>\n<\/ul>\n","protected":false},"excerpt":{"rendered":"<p>CARACTERISTICAS \u2713 C\u00e1mara IP WiFi interior con resoluci\u00f3n Full HD 1080p (2MP). Funci\u00f3n de paneo e inclinaci\u00f3n (PT 360\u00b0) para<\/p>\n","protected":false},"featured_media":1915,"comment_status":"open","ping_status":"closed","template":"","meta":[],"product_brand":[135],"product_cat":[167,168],"product_tag":[141,195,140],"class_list":{"0":"post-1366","1":"product","2":"type-product","3":"status-publish","4":"has-post-thumbnail","6":"product_brand-ezviz","7":"product_cat-camaras-innalambricas","8":"product_cat-camaras-interior","9":"product_tag-ezviz","10":"product_tag-ofertas","11":"product_tag-wifi","13":"first","14":"instock","15":"sale","16":"taxable","17":"shipping-taxable","18":"purchasable","19":"product-type-simple"},"_links":{"self":[{"href":"https:\/\/ciberdata.com.pe\/index.php\/wp-json\/wp\/v2\/product\/1366","targetHints":{"allow":["GET"]}}],"collection":[{"href":"https:\/\/ciberdata.com.pe\/index.php\/wp-json\/wp\/v2\/product"}],"about":[{"href":"https:\/\/ciberdata.com.pe\/index.php\/wp-json\/wp\/v2\/types\/product"}],"replies":[{"embeddable":true,"href":"https:\/\/ciberdata.com.pe\/index.php\/wp-json\/wp\/v2\/comments?post=1366"}],"wp:featuredmedia":[{"embeddable":true,"href":"https:\/\/ciberdata.com.pe\/index.php\/wp-json\/wp\/v2\/media\/1915"}],"wp:attachment":[{"href":"https:\/\/ciberdata.com.pe\/index.php\/wp-json\/wp\/v2\/media?parent=1366"}],"wp:term":[{"taxonomy":"product_brand","embeddable":true,"href":"https:\/\/ciberdata.com.pe\/index.php\/wp-json\/wp\/v2\/product_brand?post=1366"},{"taxonomy":"product_cat","embeddable":true,"href":"https:\/\/ciberdata.com.pe\/index.php\/wp-json\/wp\/v2\/product_cat?post=1366"},{"taxonomy":"product_tag","embeddable":true,"href":"https:\/\/ciberdata.com.pe\/index.php\/wp-json\/wp\/v2\/product_tag?post=1366"}],"curies":[{"name":"wp","href":"https:\/\/api.w.org\/{rel}","templated":true}]}}