{"id":1360,"date":"2026-01-24T21:24:02","date_gmt":"2026-01-24T20:24:02","guid":{"rendered":"https:\/\/ciberdata.com.pe\/?post_type=product&#038;p=1360"},"modified":"2026-02-19T17:53:10","modified_gmt":"2026-02-19T22:53:10","slug":"ezviz-h6c-pro-8mp-4k-wifi","status":"publish","type":"product","link":"https:\/\/ciberdata.com.pe\/index.php\/producto\/ezviz-h6c-pro-8mp-4k-wifi\/","title":{"rendered":"EZVIZ H6C PRO 8MP 4K WIFI"},"content":{"rendered":"<h1><span style=\"color: #00ccff;\"><strong>CARACTERISTICAS \u2713<\/strong><\/span><\/h1>\n<ul>\n<li>Resoluci\u00f3n <strong>Ultra HD 4K (8MP)<\/strong> para m\u00e1xima nitidez en interiores.<\/li>\n<li><strong>Rotaci\u00f3n panor\u00e1mica de 360\u00b0<\/strong> con movimiento horizontal y vertical.<\/li>\n<li><strong>Zoom autom\u00e1tico 4\u00d7<\/strong> para acercar detalles importantes.<\/li>\n<li><strong>Detecci\u00f3n inteligente de personas y ruidos fuertes<\/strong>.<\/li>\n<li><strong>Seguimiento autom\u00e1tico<\/strong> de movimiento humano.<\/li>\n<li><strong>Visi\u00f3n nocturna en color<\/strong> para vigilancia incluso en la oscuridad.<\/li>\n<li><b style=\"color: #ff0000;\"><img loading=\"lazy\" decoding=\"async\" class=\"wp-image-2283 alignright\" role=\"img\" src=\"https:\/\/ciberdata.com.pe\/wp-content\/uploads\/2026\/02\/LOGO-EZVIZ-300x76.png\" alt=\"\" width=\"267\" height=\"68\" srcset=\"https:\/\/ciberdata.com.pe\/wp-content\/uploads\/2026\/02\/LOGO-EZVIZ-300x76.png 300w, https:\/\/ciberdata.com.pe\/wp-content\/uploads\/2026\/02\/LOGO-EZVIZ-1024x260.png 1024w, https:\/\/ciberdata.com.pe\/wp-content\/uploads\/2026\/02\/LOGO-EZVIZ-768x195.png 768w, https:\/\/ciberdata.com.pe\/wp-content\/uploads\/2026\/02\/LOGO-EZVIZ-1536x391.png 1536w, https:\/\/ciberdata.com.pe\/wp-content\/uploads\/2026\/02\/LOGO-EZVIZ-2048x521.png 2048w, https:\/\/ciberdata.com.pe\/wp-content\/uploads\/2026\/02\/LOGO-EZVIZ-1200x305.png 1200w, https:\/\/ciberdata.com.pe\/wp-content\/uploads\/2026\/02\/LOGO-EZVIZ-150x38.png 150w\" sizes=\"auto, (max-width: 267px) 100vw, 267px\" \/><\/b><strong>Bot\u00f3n t\u00e1ctil de llamada<\/strong> para comunicaci\u00f3n r\u00e1pida con la familia.<\/li>\n<li><strong>Comunicaci\u00f3n bidireccional<\/strong> con micr\u00f3fono y altavoz integrados.<\/li>\n<li><strong>Modo patrullaje\/inspecci\u00f3n<\/strong> que recorre \u00e1reas predefinidas.<\/li>\n<\/ul>\n","protected":false},"excerpt":{"rendered":"<p>CARACTERISTICAS \u2713 Resoluci\u00f3n Ultra HD 4K (8MP) para m\u00e1xima nitidez en interiores. Rotaci\u00f3n panor\u00e1mica de 360\u00b0 con movimiento horizontal y<\/p>\n","protected":false},"featured_media":1915,"comment_status":"open","ping_status":"closed","template":"","meta":[],"product_brand":[135],"product_cat":[167,168],"product_tag":[141,140],"class_list":{"0":"post-1360","1":"product","2":"type-product","3":"status-publish","4":"has-post-thumbnail","6":"product_brand-ezviz","7":"product_cat-camaras-innalambricas","8":"product_cat-camaras-interior","9":"product_tag-ezviz","10":"product_tag-wifi","12":"first","13":"instock","14":"sale","15":"taxable","16":"shipping-taxable","17":"purchasable","18":"product-type-simple"},"_links":{"self":[{"href":"https:\/\/ciberdata.com.pe\/index.php\/wp-json\/wp\/v2\/product\/1360","targetHints":{"allow":["GET"]}}],"collection":[{"href":"https:\/\/ciberdata.com.pe\/index.php\/wp-json\/wp\/v2\/product"}],"about":[{"href":"https:\/\/ciberdata.com.pe\/index.php\/wp-json\/wp\/v2\/types\/product"}],"replies":[{"embeddable":true,"href":"https:\/\/ciberdata.com.pe\/index.php\/wp-json\/wp\/v2\/comments?post=1360"}],"wp:featuredmedia":[{"embeddable":true,"href":"https:\/\/ciberdata.com.pe\/index.php\/wp-json\/wp\/v2\/media\/1915"}],"wp:attachment":[{"href":"https:\/\/ciberdata.com.pe\/index.php\/wp-json\/wp\/v2\/media?parent=1360"}],"wp:term":[{"taxonomy":"product_brand","embeddable":true,"href":"https:\/\/ciberdata.com.pe\/index.php\/wp-json\/wp\/v2\/product_brand?post=1360"},{"taxonomy":"product_cat","embeddable":true,"href":"https:\/\/ciberdata.com.pe\/index.php\/wp-json\/wp\/v2\/product_cat?post=1360"},{"taxonomy":"product_tag","embeddable":true,"href":"https:\/\/ciberdata.com.pe\/index.php\/wp-json\/wp\/v2\/product_tag?post=1360"}],"curies":[{"name":"wp","href":"https:\/\/api.w.org\/{rel}","templated":true}]}}