{"id":1353,"date":"2026-01-24T20:45:02","date_gmt":"2026-01-24T19:45:02","guid":{"rendered":"https:\/\/ciberdata.com.pe\/?post_type=product&#038;p=1353"},"modified":"2026-02-23T14:27:06","modified_gmt":"2026-02-23T19:27:06","slug":"ezviz-h4-3mp-2k-wifi-fija-con-audio-bidireccional","status":"publish","type":"product","link":"https:\/\/ciberdata.com.pe\/index.php\/producto\/ezviz-h4-3mp-2k-wifi-fija-con-audio-bidireccional\/","title":{"rendered":"EZVIZ H4 3MP 2K WIFI"},"content":{"rendered":"<p><strong style=\"color: #00ccff; font-size: 28px;\">CARACTERISTICAS \u2713<\/strong><\/p>\n<ul>\n<li>Resoluci\u00f3n <strong>2K (2304 \u00d7 1296, 3MP)<\/strong> para im\u00e1genes claras y detalladas.<\/li>\n<li><strong>Detecci\u00f3n inteligente con IA<\/strong> de personas y veh\u00edculos para reducir falsas alarmas.<\/li>\n<li><strong>Visi\u00f3n nocturna en color<\/strong> con alcance de hasta 30 metros.<\/li>\n<li><strong>Defensa activa<\/strong> mediante sirena y luz estrobosc\u00f3pica para disuadir intrusos.<\/li>\n<li><strong>Audio bidireccional<\/strong> con micr\u00f3fono y altavoz integrados.<\/li>\n<li><strong>Recepci\u00f3n de audio mejorada<\/strong> hasta 15 metros de distancia.<\/li>\n<li><b style=\"color: #ff0000;\"><img loading=\"lazy\" decoding=\"async\" class=\"wp-image-2283 alignright\" role=\"img\" src=\"https:\/\/ciberdata.com.pe\/wp-content\/uploads\/2026\/02\/LOGO-EZVIZ-300x76.png\" alt=\"\" width=\"267\" height=\"68\" srcset=\"https:\/\/ciberdata.com.pe\/wp-content\/uploads\/2026\/02\/LOGO-EZVIZ-300x76.png 300w, https:\/\/ciberdata.com.pe\/wp-content\/uploads\/2026\/02\/LOGO-EZVIZ-1024x260.png 1024w, https:\/\/ciberdata.com.pe\/wp-content\/uploads\/2026\/02\/LOGO-EZVIZ-768x195.png 768w, https:\/\/ciberdata.com.pe\/wp-content\/uploads\/2026\/02\/LOGO-EZVIZ-1536x391.png 1536w, https:\/\/ciberdata.com.pe\/wp-content\/uploads\/2026\/02\/LOGO-EZVIZ-2048x521.png 2048w, https:\/\/ciberdata.com.pe\/wp-content\/uploads\/2026\/02\/LOGO-EZVIZ-1200x305.png 1200w, https:\/\/ciberdata.com.pe\/wp-content\/uploads\/2026\/02\/LOGO-EZVIZ-150x38.png 150w\" sizes=\"auto, (max-width: 267px) 100vw, 267px\" \/><\/b><strong>Alertas de voz personalizadas<\/strong> y zonas de detecci\u00f3n configurables.<\/li>\n<li><strong>Dise\u00f1o resistente a la intemperie IP67<\/strong>, apto para exteriores.<\/li>\n<li>Conexi\u00f3n <strong>Wi-Fi<\/strong> estable y compresi\u00f3n de video H.265\/H.264 para mejor rendimiento.<\/li>\n<\/ul>\n","protected":false},"excerpt":{"rendered":"<p>CARACTERISTICAS \u2713 Resoluci\u00f3n 2K (2304 \u00d7 1296, 3MP) para im\u00e1genes claras y detalladas. Detecci\u00f3n inteligente con IA de personas y<\/p>\n","protected":false},"featured_media":1921,"comment_status":"open","ping_status":"closed","template":"","meta":[],"product_brand":[135],"product_cat":[167,169,168],"product_tag":[141,140],"class_list":{"0":"post-1353","1":"product","2":"type-product","3":"status-publish","4":"has-post-thumbnail","6":"product_brand-ezviz","7":"product_cat-camaras-innalambricas","8":"product_cat-camaras-exterior","9":"product_cat-camaras-interior","10":"product_tag-ezviz","11":"product_tag-wifi","13":"first","14":"instock","15":"sale","16":"taxable","17":"shipping-taxable","18":"purchasable","19":"product-type-simple"},"_links":{"self":[{"href":"https:\/\/ciberdata.com.pe\/index.php\/wp-json\/wp\/v2\/product\/1353","targetHints":{"allow":["GET"]}}],"collection":[{"href":"https:\/\/ciberdata.com.pe\/index.php\/wp-json\/wp\/v2\/product"}],"about":[{"href":"https:\/\/ciberdata.com.pe\/index.php\/wp-json\/wp\/v2\/types\/product"}],"replies":[{"embeddable":true,"href":"https:\/\/ciberdata.com.pe\/index.php\/wp-json\/wp\/v2\/comments?post=1353"}],"wp:featuredmedia":[{"embeddable":true,"href":"https:\/\/ciberdata.com.pe\/index.php\/wp-json\/wp\/v2\/media\/1921"}],"wp:attachment":[{"href":"https:\/\/ciberdata.com.pe\/index.php\/wp-json\/wp\/v2\/media?parent=1353"}],"wp:term":[{"taxonomy":"product_brand","embeddable":true,"href":"https:\/\/ciberdata.com.pe\/index.php\/wp-json\/wp\/v2\/product_brand?post=1353"},{"taxonomy":"product_cat","embeddable":true,"href":"https:\/\/ciberdata.com.pe\/index.php\/wp-json\/wp\/v2\/product_cat?post=1353"},{"taxonomy":"product_tag","embeddable":true,"href":"https:\/\/ciberdata.com.pe\/index.php\/wp-json\/wp\/v2\/product_tag?post=1353"}],"curies":[{"name":"wp","href":"https:\/\/api.w.org\/{rel}","templated":true}]}}