{"id":1210,"date":"2026-01-22T18:52:34","date_gmt":"2026-01-22T17:52:34","guid":{"rendered":"https:\/\/ciberdata.com.pe\/?post_type=product&#038;p=1210"},"modified":"2026-02-20T10:54:31","modified_gmt":"2026-02-20T15:54:31","slug":"imou-ranger-2-3mp-2k-con-audio-bidireccional","status":"publish","type":"product","link":"https:\/\/ciberdata.com.pe\/index.php\/producto\/imou-ranger-2-3mp-2k-con-audio-bidireccional\/","title":{"rendered":"IMOU RANGER 2 3MP 2K"},"content":{"rendered":"<h1><span style=\"color: #ff9900;\"><strong>CARACTERISTICAS \u2713<\/strong><\/span><\/h1>\n<ul>\n<li>Resoluci\u00f3n <strong>2K QHD (3MP)<\/strong> para im\u00e1genes m\u00e1s n\u00edtidas que Full HD.<\/li>\n<li>Funci\u00f3n <strong>Pan &amp; Tilt<\/strong> con giro de 0\u00b0 a 360\u00b0 e inclinaci\u00f3n de -5\u00b0 a 80\u00b0 para cobertura total.<\/li>\n<li><strong>Detecci\u00f3n humana<\/strong> que distingue personas de otros movimientos y env\u00eda alertas inmediatas.<\/li>\n<li><strong>Seguimiento inteligente<\/strong>: la c\u00e1mara sigue autom\u00e1ticamente objetos en movimiento.<\/li>\n<li><strong>Modo de privacidad<\/strong> que oculta la lente cuando est\u00e1s en casa.<\/li>\n<li><strong>Visi\u00f3n nocturna<\/strong> avanzada para vigilancia en ambientes oscuros.<\/li>\n<li><strong>Sirena integrada<\/strong> para disuadir intrusos y proteger tu hogar.<\/li>\n<li>Compresi\u00f3n de video <strong>H.265<\/strong>, que ahorra espacio y ancho de banda sin perder calidad.<br \/>\n<b style=\"color: #ff0000;\"><img loading=\"lazy\" decoding=\"async\" class=\"wp-image-2322 alignright\" role=\"img\" src=\"https:\/\/ciberdata.com.pe\/wp-content\/uploads\/2026\/02\/imou-logo_brandlogos.net_i0qhd-300x81.png\" alt=\"\" width=\"215\" height=\"58\" srcset=\"https:\/\/ciberdata.com.pe\/wp-content\/uploads\/2026\/02\/imou-logo_brandlogos.net_i0qhd-300x81.png 300w, https:\/\/ciberdata.com.pe\/wp-content\/uploads\/2026\/02\/imou-logo_brandlogos.net_i0qhd-768x208.png 768w, https:\/\/ciberdata.com.pe\/wp-content\/uploads\/2026\/02\/imou-logo_brandlogos.net_i0qhd-150x41.png 150w, https:\/\/ciberdata.com.pe\/wp-content\/uploads\/2026\/02\/imou-logo_brandlogos.net_i0qhd.png 971w\" sizes=\"auto, (max-width: 215px) 100vw, 215px\" \/><\/b><\/li>\n<li>Almacenamiento flexible: <strong>microSD hasta 256 GB<\/strong>, NVR o servicio en la nube Imou.<\/li>\n<\/ul>\n","protected":false},"excerpt":{"rendered":"<p>CARACTERISTICAS \u2713 Resoluci\u00f3n 2K QHD (3MP) para im\u00e1genes m\u00e1s n\u00edtidas que Full HD. Funci\u00f3n Pan &amp; Tilt con giro de<\/p>\n","protected":false},"featured_media":2015,"comment_status":"open","ping_status":"closed","template":"","meta":[],"product_brand":[137],"product_cat":[168],"product_tag":[142,140],"class_list":{"0":"post-1210","1":"product","2":"type-product","3":"status-publish","4":"has-post-thumbnail","6":"product_brand-imou","7":"product_cat-camaras-interior","8":"product_tag-imou","9":"product_tag-wifi","11":"first","12":"instock","13":"sale","14":"taxable","15":"shipping-taxable","16":"purchasable","17":"product-type-simple"},"_links":{"self":[{"href":"https:\/\/ciberdata.com.pe\/index.php\/wp-json\/wp\/v2\/product\/1210","targetHints":{"allow":["GET"]}}],"collection":[{"href":"https:\/\/ciberdata.com.pe\/index.php\/wp-json\/wp\/v2\/product"}],"about":[{"href":"https:\/\/ciberdata.com.pe\/index.php\/wp-json\/wp\/v2\/types\/product"}],"replies":[{"embeddable":true,"href":"https:\/\/ciberdata.com.pe\/index.php\/wp-json\/wp\/v2\/comments?post=1210"}],"wp:featuredmedia":[{"embeddable":true,"href":"https:\/\/ciberdata.com.pe\/index.php\/wp-json\/wp\/v2\/media\/2015"}],"wp:attachment":[{"href":"https:\/\/ciberdata.com.pe\/index.php\/wp-json\/wp\/v2\/media?parent=1210"}],"wp:term":[{"taxonomy":"product_brand","embeddable":true,"href":"https:\/\/ciberdata.com.pe\/index.php\/wp-json\/wp\/v2\/product_brand?post=1210"},{"taxonomy":"product_cat","embeddable":true,"href":"https:\/\/ciberdata.com.pe\/index.php\/wp-json\/wp\/v2\/product_cat?post=1210"},{"taxonomy":"product_tag","embeddable":true,"href":"https:\/\/ciberdata.com.pe\/index.php\/wp-json\/wp\/v2\/product_tag?post=1210"}],"curies":[{"name":"wp","href":"https:\/\/api.w.org\/{rel}","templated":true}]}}